{"id":870,"date":"2026-01-18T19:03:01","date_gmt":"2026-01-18T18:03:01","guid":{"rendered":"https:\/\/www.pacific-hotel-paris.com\/?page_id=870"},"modified":"2026-01-18T19:28:00","modified_gmt":"2026-01-18T18:28:00","slug":"faq","status":"publish","type":"page","link":"https:\/\/www.pacific-hotel-paris.com\/es\/faq\/","title":{"rendered":"FAQ"},"content":{"rendered":"\n\t<section class=\"section\" id=\"section_162022096\">\n\t\t<div class=\"bg section-bg fill bg-fill  bg-loaded\" >\n\n\t\t\t\n\t\t\t\n\t\t\t\n\n\t\t<\/div>\n\n\t\t\n\n\t\t<div class=\"section-content relative\">\n\t\t\t\n\n\t<section class=\"section container-info-home\" id=\"section_656084296\">\n\t\t<div class=\"bg section-bg fill bg-fill  bg-loaded\" >\n\n\t\t\t\n\t\t\t\n\t\t\t\n\n\t\t<\/div>\n\n\t\t\n\n\t\t<div class=\"section-content relative\">\n\t\t\t\n\n<div class=\"row row-collapse align-middle align-center\"  id=\"row-571057601\">\n\n\n\t<div id=\"col-1011691503\" class=\"col small-12 large-12\"  >\n\t\t\t\t<div class=\"col-inner\"  >\n\t\t\t\n\t\t\t\n\n<a data-animate=\"blurIn\" rel=\"noopener noreferrer\" href=\"https:\/\/www.secure-direct-hotel-booking.com\/module_booking_engine\/index.php?id_etab=b3d1c5ce36742a13215e3e34fb704c41&#038;langue=espagnol\" target=\"_blank\" class=\"button primary is-small lowercase expand btn-avantages\"  style=\"padding:0px 0px 0px 0px;\">\n    <span>\u00a1Ventajas exclusivas!<\/span>\n  <\/a>\n\n\n<a data-animate=\"blurIn\" rel=\"noopener noreferrer\" href=\"https:\/\/www.secure-direct-hotel-booking.com\/module_booking_engine\/index.php?id_etab=b3d1c5ce36742a13215e3e34fb704c41&#038;langue=espagnol\" target=\"_blank\" class=\"button primary is-small lowercase expand btn-avantages\"  style=\"padding:0px 0px 0px 0px;\">\n    <span>Hasta 20% de descuento<\/span>\n  <\/a>\n\n\n\n\t\t<\/div>\n\t\t\t\t\n<style>\n#col-1011691503 > .col-inner {\n  padding: 0px 0px 0px 0px;\n  margin: 0px 0px 0px 0px;\n}\n<\/style>\n\t<\/div>\n\n\t\n\n<\/div>\n\n\t\t<\/div>\n\n\t\t\n<style>\n#section_656084296 {\n  padding-top: 0px;\n  padding-bottom: 0px;\n}\n#section_656084296 .ux-shape-divider--top svg {\n  height: 150px;\n  --divider-top-width: 100%;\n}\n#section_656084296 .ux-shape-divider--bottom svg {\n  height: 150px;\n  --divider-width: 100%;\n}\n<\/style>\n\t<\/section>\n\t\n\n<div class=\"slider-wrapper relative\" id=\"slider-1849229027\" >\n    <div class=\"slider slider-nav-circle slider-nav-large slider-nav-light slider-style-normal\"\n        data-flickity-options='{\n            \"cellAlign\": \"center\",\n            \"imagesLoaded\": true,\n            \"lazyLoad\": 1,\n            \"freeScroll\": false,\n            \"wrapAround\": true,\n            \"autoPlay\": 6000,\n            \"pauseAutoPlayOnHover\" : true,\n            \"prevNextButtons\": true,\n            \"contain\" : true,\n            \"adaptiveHeight\" : true,\n            \"dragThreshold\" : 10,\n            \"percentPosition\": true,\n            \"pageDots\": true,\n            \"rightToLeft\": false,\n            \"draggable\": true,\n            \"selectedAttraction\": 0.1,\n            \"parallax\" : 0,\n            \"friction\": 0.6        }'\n        >\n        \n\n\n  <div class=\"banner has-hover\" id=\"banner-1777782324\">\n          <div class=\"banner-inner fill\">\n        <div class=\"banner-bg fill\" >\n            <div class=\"bg fill bg-fill \"><\/div>\n                                    \n                    <\/div>\n\t\t\n        <div class=\"banner-layers container\">\n            <div class=\"fill banner-link\"><\/div>            \n\n\n        <\/div>\n      <\/div>\n\n            \n<style>\n#banner-1777782324 {\n  padding-top: 350px;\n}\n#banner-1777782324 .bg.bg-loaded {\n  background-image: url(https:\/\/www.pacific-hotel-paris.com\/wp-content\/uploads\/2023\/10\/PACIFIC-HOTEL-30.jpg);\n}\n#banner-1777782324 .ux-shape-divider--top svg {\n  height: 150px;\n  --divider-top-width: 100%;\n}\n#banner-1777782324 .ux-shape-divider--bottom svg {\n  height: 150px;\n  --divider-width: 100%;\n}\n@media (min-width:550px) {\n  #banner-1777782324 {\n    padding-top: 450px;\n  }\n}\n@media (min-width:850px) {\n  #banner-1777782324 {\n    padding-top: 550px;\n  }\n}\n<\/style>\n  <\/div>\n\n\n\n     <\/div>\n\n     <div class=\"loading-spin dark large centered\"><\/div>\n\n     \t<\/div>\n\n\n\n\t\t<\/div>\n\n\t\t\n<style>\n#section_162022096 {\n  padding-top: 0px;\n  padding-bottom: 0px;\n}\n#section_162022096 .ux-shape-divider--top svg {\n  height: 150px;\n  --divider-top-width: 100%;\n}\n#section_162022096 .ux-shape-divider--bottom svg {\n  height: 150px;\n  --divider-width: 100%;\n}\n<\/style>\n\t<\/section>\n\t\n\t<section class=\"section\" id=\"section_1415864725\">\n\t\t<div class=\"bg section-bg fill bg-fill  bg-loaded\" >\n\n\t\t\t\n\t\t\t\n\t\t\t\n\n\t\t<\/div>\n\n\t\t\n\n\t\t<div class=\"section-content relative\">\n\t\t\t\n\n<div class=\"row row-collapse align-center\"  id=\"row-2142964286\">\n\n\n\t<div id=\"col-741996265\" class=\"col small-12 large-12\"  >\n\t\t\t\t<div class=\"col-inner\"  >\n\t\t\t\n\t\t\t\n\n<h1 style=\"text-align: center;\">FAQ<\/h1>\n<p style=\"text-align: center; font-size: 18px;\">Trouvez les r\u00e9ponses aux questions fr\u00e9quentes sur votre s\u00e9jour, nos prestations&#8230; Pour toute autre question, notre \u00e9quipe est l\u00e0 pour vous aider.\u00a0<\/p>\n\n\t\t<\/div>\n\t\t\t\t\n<style>\n#col-741996265 > .col-inner {\n  padding: 10px 0px 0px 0px;\n}\n<\/style>\n\t<\/div>\n\n\t\n\n<\/div>\n\n\t\t<\/div>\n\n\t\t\n<style>\n#section_1415864725 {\n  padding-top: 30px;\n  padding-bottom: 30px;\n  background-color: rgba(63, 64, 80, 0.1);\n}\n#section_1415864725 .ux-shape-divider--top svg {\n  height: 150px;\n  --divider-top-width: 100%;\n}\n#section_1415864725 .ux-shape-divider--bottom svg {\n  height: 150px;\n  --divider-width: 100%;\n}\n<\/style>\n\t<\/section>\n\t\n\t<section class=\"section\" id=\"section_490952749\">\n\t\t<div class=\"bg section-bg fill bg-fill  bg-loaded\" >\n\n\t\t\t\n\t\t\t\n\t\t\t\n\n\t\t<\/div>\n\n\t\t\n\n\t\t<div class=\"section-content relative\">\n\t\t\t\n\n<div class=\"row row-collapse row-full-width align-middle align-center\"  id=\"row-1285278687\">\n\n\n\t<div id=\"col-1167475098\" class=\"col medium-10 small-10 large-8\"  >\n\t\t\t\t<div class=\"col-inner text-center\"  >\n\t\t\t\n\t\t\t\n\n<div class=\"accordion\">\n\n<div id=\"accordion-1557818536\" class=\"accordion-item\"><a id=\"accordion-1557818536-label\" href=\"#\" class=\"accordion-title plain\" aria-expanded=\"false\" aria-controls=\"accordion-1557818536-content\"><button class=\"toggle\" aria-label=\"Toggle\"><i class=\"icon-angle-down\"><\/i><\/button><span>Comment rejoindre l'hotel depuis l'aeroport CDG en transports en commun?<\/span><\/a><div id=\"accordion-1557818536-content\" class=\"accordion-inner\" aria-labelledby=\"accordion-1557818536-label\">\n\n<p>La meilleure option est de prendre le RER B jusqu&#8217;\u00e0 Denfert Rochereau, puis la ligne 6 direction Etoile jusqu&#8217;\u00e0 Dupleix,apr\u00e8s il faut marcher 5mn. La tarification depuis ey vers l&#8217;a\u00e9roport est plus ch\u00e8re qu&#8217;un billet standard<\/p>\n\n\n<\/div><\/div>\n<div id=\"accordion-4009140407\" class=\"accordion-item\"><a id=\"accordion-4009140407-label\" href=\"#\" class=\"accordion-title plain\" aria-expanded=\"false\" aria-controls=\"accordion-4009140407-content\"><button class=\"toggle\" aria-label=\"Toggle\"><i class=\"icon-angle-down\"><\/i><\/button><span>Comment rejoindre l'hotel depuis l'aeroport d'orly en transport en commun?<\/span><\/a><div id=\"accordion-4009140407-content\" class=\"accordion-inner\" aria-labelledby=\"accordion-4009140407-label\">\n\n<p>La meilleure option est de prendre la ligne 14 jusqu&#8217;\u00e0 bercy puis la ligne 6 direction Etoile jusqu&#8217;\u00e0 la station Dupleix .  Apr\u00e8s il faut marcher 5 mn. La tarification depuis ey vers l&#8217;a\u00e9roport est plus ch\u00e8re qu&#8217;un billet standard<\/p>\n\n\n<\/div><\/div>\n<div id=\"accordion-3127771093\" class=\"accordion-item\"><a id=\"accordion-3127771093-label\" href=\"#\" class=\"accordion-title plain\" aria-expanded=\"false\" aria-controls=\"accordion-3127771093-content\"><button class=\"toggle\" aria-label=\"Toggle\"><i class=\"icon-angle-down\"><\/i><\/button><span>Quels sont les tarifs des taxis pour rejoindre l'h\u00f4tel?<\/span><\/a><div id=\"accordion-3127771093-content\" class=\"accordion-inner\" aria-labelledby=\"accordion-3127771093-label\">\n\n<p>La course est \u00e0 36 euros si vous arrivez d&#8217;Orly et de 65 euros depuis Charles de gaulle, il s&#8217;agit de tarifs forfaitaires, des suppl\u00e9ments pour bagages peuvent \u00eatres demand\u00e9s. Attention aux arnaques, n&#8217;h\u00e9sitez pas \u00e0 nous venir nous voir \u00e0 la r\u00e9ception si la prix vous semble trop important <\/p>\n\n\n<\/div><\/div>\n<div id=\"accordion-2124096560\" class=\"accordion-item\"><a id=\"accordion-2124096560-label\" href=\"#\" class=\"accordion-title plain\" aria-expanded=\"false\" aria-controls=\"accordion-2124096560-content\"><button class=\"toggle\" aria-label=\"Toggle\"><i class=\"icon-angle-down\"><\/i><\/button><span>Comment venir depuis la gare Montparnasse<\/span><\/a><div id=\"accordion-2124096560-content\" class=\"accordion-inner\" aria-labelledby=\"accordion-2124096560-label\">\n\n<p>Il faut prendre la ligne 6 jusqu&#8217;\u00e0 Dupleix<\/p>\n\n\n<\/div><\/div>\n<div id=\"accordion-1811201112\" class=\"accordion-item\"><a id=\"accordion-1811201112-label\" href=\"#\" class=\"accordion-title plain\" aria-expanded=\"false\" aria-controls=\"accordion-1811201112-content\"><button class=\"toggle\" aria-label=\"Toggle\"><i class=\"icon-angle-down\"><\/i><\/button><span>Comment venir depuis la gare du nord ou gare de l'Est<\/span><\/a><div id=\"accordion-1811201112-content\" class=\"accordion-inner\" aria-labelledby=\"accordion-1811201112-label\">\n\n<p>Il faut prendre la ligne 4 direction bagneux, changer \u00e0 Odeon pour ligne 10 direction Boulogne et descendre Avenue Emile Zola<\/p>\n\n\n<\/div><\/div>\n<div id=\"accordion-4238057595\" class=\"accordion-item\"><a id=\"accordion-4238057595-label\" href=\"#\" class=\"accordion-title plain\" aria-expanded=\"false\" aria-controls=\"accordion-4238057595-content\"><button class=\"toggle\" aria-label=\"Toggle\"><i class=\"icon-angle-down\"><\/i><\/button><span>Comment venir depuis la gare de Lyon<\/span><\/a><div id=\"accordion-4238057595-content\" class=\"accordion-inner\" aria-labelledby=\"accordion-4238057595-label\">\n\n<p>La meilleure option est de prendre la ligne 14 jusqu&#8217;\u00e0 bercy puis la ligne 6 direction Etoile jusqu&#8217;\u00e0 la station Dupleix .  Apr\u00e8s il faut marcher 5 mn. La tarification depuis ey vers l&#8217;a\u00e9roport est plus ch\u00e8re qu&#8217;un billet standard<\/p>\n\n\n<\/div><\/div>\n<div id=\"accordion-2466040106\" class=\"accordion-item\"><a id=\"accordion-2466040106-label\" href=\"#\" class=\"accordion-title plain\" aria-expanded=\"false\" aria-controls=\"accordion-2466040106-content\"><button class=\"toggle\" aria-label=\"Toggle\"><i class=\"icon-angle-down\"><\/i><\/button><span>Est-ce que les chambres ont une salle de bain et des toilettes privatives<\/span><\/a><div id=\"accordion-2466040106-content\" class=\"accordion-inner\" aria-labelledby=\"accordion-2466040106-label\">\n\n<p>Toutes nos chambres sont \u00e9quip\u00e9s de toilettes et salle de bain privatives<\/p>\n\n\n<\/div><\/div>\n<div id=\"accordion-211952984\" class=\"accordion-item\"><a id=\"accordion-211952984-label\" href=\"#\" class=\"accordion-title plain\" aria-expanded=\"false\" aria-controls=\"accordion-211952984-content\"><button class=\"toggle\" aria-label=\"Toggle\"><i class=\"icon-angle-down\"><\/i><\/button><span>Peut on venir avec des animaux de compagnie?<\/span><\/a><div id=\"accordion-211952984-content\" class=\"accordion-inner\" aria-labelledby=\"accordion-211952984-label\">\n\n<p>Oui, sous r\u00e9serve d&#8217;acceptation de nos \u00e9quipes. Par contre vous ne pourrez pas laisser votre compagnon seul en chambre<\/p>\n\n\n<\/div><\/div>\n<div id=\"accordion-1309178890\" class=\"accordion-item\"><a id=\"accordion-1309178890-label\" href=\"#\" class=\"accordion-title plain\" aria-expanded=\"false\" aria-controls=\"accordion-1309178890-content\"><button class=\"toggle\" aria-label=\"Toggle\"><i class=\"icon-angle-down\"><\/i><\/button><span>Quels sont les moyens de paiement accept\u00e9s?<\/span><\/a><div id=\"accordion-1309178890-content\" class=\"accordion-inner\" aria-labelledby=\"accordion-1309178890-label\">\n\n<p>Les paiements accept\u00e9s sont les cartes de cr\u00e9dit visa mastercard , les virements bancaireainsi que les esp\u00e8ces. La carte american express n&#8217;est pas accept\u00e9<\/p>\n\n\n<\/div><\/div>\n<div id=\"accordion-3020748719\" class=\"accordion-item\"><a id=\"accordion-3020748719-label\" href=\"#\" class=\"accordion-title plain\" aria-expanded=\"false\" aria-controls=\"accordion-3020748719-content\"><button class=\"toggle\" aria-label=\"Toggle\"><i class=\"icon-angle-down\"><\/i><\/button><span>Quelles sont les stations de m\u00e9tro les plus proches?<\/span><\/a><div id=\"accordion-3020748719-content\" class=\"accordion-inner\" aria-labelledby=\"accordion-3020748719-label\">\n\n<p>Les stations les plus proches sont Dupleix (ligne 6), Avenue Emile zola (Ligne 10) La motte piquet grenelle (ligne 6, 8, 10)<\/p>\n\n\n<\/div><\/div>\n<div id=\"accordion-1029801463\" class=\"accordion-item\"><a id=\"accordion-1029801463-label\" href=\"#\" class=\"accordion-title plain\" aria-expanded=\"false\" aria-controls=\"accordion-1029801463-content\"><button class=\"toggle\" aria-label=\"Toggle\"><i class=\"icon-angle-down\"><\/i><\/button><span>A combien de temps se trouve la Tour Eiffel?<\/span><\/a><div id=\"accordion-1029801463-content\" class=\"accordion-inner\" aria-labelledby=\"accordion-1029801463-label\">\n\n<p>En 15 mn \u00e0 pied vous arrivez \u00e0 la tour Eiffel<\/p>\n\n\n<\/div><\/div>\n<div id=\"accordion-2558969863\" class=\"accordion-item\"><a id=\"accordion-2558969863-label\" href=\"#\" class=\"accordion-title plain\" aria-expanded=\"false\" aria-controls=\"accordion-2558969863-content\"><button class=\"toggle\" aria-label=\"Toggle\"><i class=\"icon-angle-down\"><\/i><\/button><span>Quels sont les sites accessibles en moins de 30 mn?<\/span><\/a><div id=\"accordion-2558969863-content\" class=\"accordion-inner\" aria-labelledby=\"accordion-2558969863-label\">\n\n<p>Le Pacific hotel est tr\u00e8s bien desservie par les transports en commun,  vous acc\u00e9dez au Louvre, les Grand magasins, Notre Dame , les Invalides, le panth\u00e9on, le jardin du Luxembourg, le mus\u00e9e gr\u00e9vin, le mus\u00e9e d&#8217;Orsay, Roland Garros , le parc des princes en moins de 30 mn<\/p>\n\n\n<\/div><\/div>\n<div id=\"accordion-2497635918\" class=\"accordion-item\"><a id=\"accordion-2497635918-label\" href=\"#\" class=\"accordion-title plain\" aria-expanded=\"false\" aria-controls=\"accordion-2497635918-content\"><button class=\"toggle\" aria-label=\"Toggle\"><i class=\"icon-angle-down\"><\/i><\/button><span>Est-ce qu'il est facile d'aller au ch\u00e2teau de Versailles depuis le Pacific Hotel?<\/span><\/a><div id=\"accordion-2497635918-content\" class=\"accordion-inner\" aria-labelledby=\"accordion-2497635918-label\">\n\n<p>Oui, il faut prendre le RER C \u00e0 Bir Hakeim, direction Versailles Ch\u00e2teau Rive gauche. Il compter 50 mn depuis l&#8217;h\u00f4tel pour arriver au ch\u00e2teau de Versailles<\/p>\n\n\n<\/div><\/div>\n<div id=\"accordion-900518023\" class=\"accordion-item\"><a id=\"accordion-900518023-label\" href=\"#\" class=\"accordion-title plain\" aria-expanded=\"false\" aria-controls=\"accordion-900518023-content\"><button class=\"toggle\" aria-label=\"Toggle\"><i class=\"icon-angle-down\"><\/i><\/button><span>Est-ce qu'il y a des restaurants ou des boulangeries \u00e0 proximit\u00e9 de le Pacific Hotel?<\/span><\/a><div id=\"accordion-900518023-content\" class=\"accordion-inner\" aria-labelledby=\"accordion-900518023-label\">\n\n<p>Il y a de nombreux restaurants et boulangeries \u00e0 proximit\u00e9 notament dans la rue du Commerce et la rue de Lourmel. <\/p>\n\n\n<\/div><\/div>\n<div id=\"accordion-767969567\" class=\"accordion-item\"><a id=\"accordion-767969567-label\" href=\"#\" class=\"accordion-title plain\" aria-expanded=\"false\" aria-controls=\"accordion-767969567-content\"><button class=\"toggle\" aria-label=\"Toggle\"><i class=\"icon-angle-down\"><\/i><\/button><span>Est-ce que le Pacific H\u00f4tel propose un service de bagagerie?<\/span><\/a><div id=\"accordion-767969567-content\" class=\"accordion-inner\" aria-labelledby=\"accordion-767969567-label\">\n\n<p>Oui, si vous arrivez avant l&#8217;heure du check in nous gardons vos bagages avec plaisir, de m\u00eame apr\u00e8s le check out nous pouvons garder vos bagages \u00e0 l&#8217;h\u00f4tel<\/p>\n\n\n<\/div><\/div>\n<div id=\"accordion-3834484672\" class=\"accordion-item\"><a id=\"accordion-3834484672-label\" href=\"#\" class=\"accordion-title plain\" aria-expanded=\"false\" aria-controls=\"accordion-3834484672-content\"><button class=\"toggle\" aria-label=\"Toggle\"><i class=\"icon-angle-down\"><\/i><\/button><span>Le Pacific H\u00f4tel est-il adapt\u00e9 aux familles ?<\/span><\/a><div id=\"accordion-3834484672-content\" class=\"accordion-inner\" aria-labelledby=\"accordion-3834484672-label\">\n\n<p>Oui, le Pacific H\u00f4tel propose des chambres familiales pour 4 personnes ainsi que des lits b\u00e9b\u00e9, ce qui en fait un h\u00f4tel adapt\u00e9 aux familles visitant Paris.<\/p>\n\n\n<\/div><\/div>\n<div id=\"accordion-2523792604\" class=\"accordion-item\"><a id=\"accordion-2523792604-label\" href=\"#\" class=\"accordion-title plain\" aria-expanded=\"false\" aria-controls=\"accordion-2523792604-content\"><button class=\"toggle\" aria-label=\"Toggle\"><i class=\"icon-angle-down\"><\/i><\/button><span>L\u2019h\u00f4tel convient-il aussi aux voyageurs d\u2019affaires ?<\/span><\/a><div id=\"accordion-2523792604-content\" class=\"accordion-inner\" aria-labelledby=\"accordion-2523792604-label\">\n\n<p>Oui, gr\u00e2ce \u00e0 sa localisation dans le 15\u1d49 arrondissement, son calme et son bon rapport qualit\u00e9-prix, le Pacific H\u00f4tel est appr\u00e9ci\u00e9 des voyageurs professionnels.<\/p>\n\n\n<\/div><\/div>\n<div id=\"accordion-3816232672\" class=\"accordion-item\"><a id=\"accordion-3816232672-label\" href=\"#\" class=\"accordion-title plain\" aria-expanded=\"false\" aria-controls=\"accordion-3816232672-content\"><button class=\"toggle\" aria-label=\"Toggle\"><i class=\"icon-angle-down\"><\/i><\/button><span>Dans quel quartier se situe le Pacific H\u00f4tel ?<\/span><\/a><div id=\"accordion-3816232672-content\" class=\"accordion-inner\" aria-labelledby=\"accordion-3816232672-label\">\n\n<p>Le Pacific H\u00f4tel se situe rue Fondary, dans le 15\u1d49 arrondissement de Paris, un quartier parisien authentique, calme et bien desservi par les transports.<\/p>\n\n\n<\/div><\/div>\n\n<\/div>\n<a rel=\"noopener noreferrer\" href=\"https:\/\/www.secure-direct-hotel-booking.com\/module_booking_engine\/index.php?id_etab=b3d1c5ce36742a13215e3e34fb704c41&#038;langue=francais\" target=\"_blank\" class=\"button primary\"  style=\"border-radius:10px;padding:5px 20px 5px 20px;\">\n    <span>R\u00e9server<\/span>\n  <\/a>\n\n\n\n\t\t<\/div>\n\t\t\t\t\n<style>\n#col-1167475098 > .col-inner {\n  padding: 20px 20px 20px 20px;\n}\n@media (min-width:850px) {\n  #col-1167475098 > .col-inner {\n    padding: 20px 20px 20px 20px;\n  }\n}\n<\/style>\n\t<\/div>\n\n\t\n\n<\/div>\n\n\t\t<\/div>\n\n\t\t\n<style>\n#section_490952749 {\n  padding-top: 0px;\n  padding-bottom: 0px;\n}\n#section_490952749 .ux-shape-divider--top svg {\n  height: 150px;\n  --divider-top-width: 100%;\n}\n#section_490952749 .ux-shape-divider--bottom svg {\n  height: 150px;\n  --divider-width: 100%;\n}\n<\/style>\n\t<\/section>\n\t\n\n","protected":false},"excerpt":{"rendered":"","protected":false},"author":1,"featured_media":0,"parent":0,"menu_order":0,"comment_status":"closed","ping_status":"closed","template":"page-blank.php","meta":{"footnotes":""},"class_list":["post-870","page","type-page","status-publish","hentry"],"yoast_head":"<!-- This site is optimized with the Yoast SEO plugin v21.7 - https:\/\/yoast.com\/wordpress\/plugins\/seo\/ -->\n<title>FAQ de l&#039;h\u00f4tel Pacific H\u00f4tel Paris<\/title>\n<meta name=\"description\" content=\"Retrouvez les r\u00e9ponses aux question utiles concernant votre s\u00e9jour, comment nous rejoindre, le tourisme dans le quartier, les services\" \/>\n<meta name=\"robots\" content=\"index, follow, max-snippet:-1, max-image-preview:large, max-video-preview:-1\" \/>\n<link rel=\"canonical\" href=\"https:\/\/www.pacific-hotel-paris.com\/es\/faq\/\" \/>\n<meta property=\"og:locale\" content=\"es_ES\" \/>\n<meta property=\"og:type\" content=\"article\" \/>\n<meta property=\"og:title\" content=\"FAQ de l&#039;h\u00f4tel Pacific H\u00f4tel Paris\" \/>\n<meta property=\"og:description\" content=\"Retrouvez les r\u00e9ponses aux question utiles concernant votre s\u00e9jour, comment nous rejoindre, le tourisme dans le quartier, les services\" \/>\n<meta property=\"og:url\" content=\"https:\/\/www.pacific-hotel-paris.com\/es\/faq\/\" \/>\n<meta property=\"og:site_name\" content=\"Pacific H\u00f4tel\" \/>\n<meta property=\"article:modified_time\" content=\"2026-01-18T18:28:00+00:00\" \/>\n<meta name=\"twitter:card\" content=\"summary_large_image\" \/>\n<meta name=\"twitter:label1\" content=\"Tiempo de lectura\" \/>\n\t<meta name=\"twitter:data1\" content=\"4 minutos\" \/>\n<script type=\"application\/ld+json\" class=\"yoast-schema-graph\">{\"@context\":\"https:\/\/schema.org\",\"@graph\":[{\"@type\":\"WebPage\",\"@id\":\"https:\/\/www.pacific-hotel-paris.com\/es\/faq\/\",\"url\":\"https:\/\/www.pacific-hotel-paris.com\/es\/faq\/\",\"name\":\"FAQ de l'h\u00f4tel Pacific H\u00f4tel Paris\",\"isPartOf\":{\"@id\":\"https:\/\/www.pacific-hotel-paris.com\/#website\"},\"datePublished\":\"2026-01-18T18:03:01+00:00\",\"dateModified\":\"2026-01-18T18:28:00+00:00\",\"description\":\"Retrouvez les r\u00e9ponses aux question utiles concernant votre s\u00e9jour, comment nous rejoindre, le tourisme dans le quartier, les services\",\"breadcrumb\":{\"@id\":\"https:\/\/www.pacific-hotel-paris.com\/es\/faq\/#breadcrumb\"},\"inLanguage\":\"es\",\"potentialAction\":[{\"@type\":\"ReadAction\",\"target\":[\"https:\/\/www.pacific-hotel-paris.com\/es\/faq\/\"]}]},{\"@type\":\"BreadcrumbList\",\"@id\":\"https:\/\/www.pacific-hotel-paris.com\/es\/faq\/#breadcrumb\",\"itemListElement\":[{\"@type\":\"ListItem\",\"position\":1,\"name\":\"Accueil\",\"item\":\"https:\/\/www.pacific-hotel-paris.com\/es\/\"},{\"@type\":\"ListItem\",\"position\":2,\"name\":\"FAQ\"}]},{\"@type\":\"WebSite\",\"@id\":\"https:\/\/www.pacific-hotel-paris.com\/#website\",\"url\":\"https:\/\/www.pacific-hotel-paris.com\/\",\"name\":\"Pacific H\u00f4tel\",\"description\":\"\",\"potentialAction\":[{\"@type\":\"SearchAction\",\"target\":{\"@type\":\"EntryPoint\",\"urlTemplate\":\"https:\/\/www.pacific-hotel-paris.com\/?s={search_term_string}\"},\"query-input\":\"required name=search_term_string\"}],\"inLanguage\":\"es\"}]}<\/script>\n<!-- \/ Yoast SEO plugin. -->","yoast_head_json":{"title":"FAQ de l'h\u00f4tel Pacific H\u00f4tel Paris","description":"Retrouvez les r\u00e9ponses aux question utiles concernant votre s\u00e9jour, comment nous rejoindre, le tourisme dans le quartier, les services","robots":{"index":"index","follow":"follow","max-snippet":"max-snippet:-1","max-image-preview":"max-image-preview:large","max-video-preview":"max-video-preview:-1"},"canonical":"https:\/\/www.pacific-hotel-paris.com\/es\/faq\/","og_locale":"es_ES","og_type":"article","og_title":"FAQ de l'h\u00f4tel Pacific H\u00f4tel Paris","og_description":"Retrouvez les r\u00e9ponses aux question utiles concernant votre s\u00e9jour, comment nous rejoindre, le tourisme dans le quartier, les services","og_url":"https:\/\/www.pacific-hotel-paris.com\/es\/faq\/","og_site_name":"Pacific H\u00f4tel","article_modified_time":"2026-01-18T18:28:00+00:00","twitter_card":"summary_large_image","twitter_misc":{"Tiempo de lectura":"4 minutos"},"schema":{"@context":"https:\/\/schema.org","@graph":[{"@type":"WebPage","@id":"https:\/\/www.pacific-hotel-paris.com\/es\/faq\/","url":"https:\/\/www.pacific-hotel-paris.com\/es\/faq\/","name":"FAQ de l'h\u00f4tel Pacific H\u00f4tel Paris","isPartOf":{"@id":"https:\/\/www.pacific-hotel-paris.com\/#website"},"datePublished":"2026-01-18T18:03:01+00:00","dateModified":"2026-01-18T18:28:00+00:00","description":"Retrouvez les r\u00e9ponses aux question utiles concernant votre s\u00e9jour, comment nous rejoindre, le tourisme dans le quartier, les services","breadcrumb":{"@id":"https:\/\/www.pacific-hotel-paris.com\/es\/faq\/#breadcrumb"},"inLanguage":"es","potentialAction":[{"@type":"ReadAction","target":["https:\/\/www.pacific-hotel-paris.com\/es\/faq\/"]}]},{"@type":"BreadcrumbList","@id":"https:\/\/www.pacific-hotel-paris.com\/es\/faq\/#breadcrumb","itemListElement":[{"@type":"ListItem","position":1,"name":"Accueil","item":"https:\/\/www.pacific-hotel-paris.com\/es\/"},{"@type":"ListItem","position":2,"name":"FAQ"}]},{"@type":"WebSite","@id":"https:\/\/www.pacific-hotel-paris.com\/#website","url":"https:\/\/www.pacific-hotel-paris.com\/","name":"Pacific H\u00f4tel","description":"","potentialAction":[{"@type":"SearchAction","target":{"@type":"EntryPoint","urlTemplate":"https:\/\/www.pacific-hotel-paris.com\/?s={search_term_string}"},"query-input":"required name=search_term_string"}],"inLanguage":"es"}]}},"_links":{"self":[{"href":"https:\/\/www.pacific-hotel-paris.com\/es\/wp-json\/wp\/v2\/pages\/870","targetHints":{"allow":["GET"]}}],"collection":[{"href":"https:\/\/www.pacific-hotel-paris.com\/es\/wp-json\/wp\/v2\/pages"}],"about":[{"href":"https:\/\/www.pacific-hotel-paris.com\/es\/wp-json\/wp\/v2\/types\/page"}],"author":[{"embeddable":true,"href":"https:\/\/www.pacific-hotel-paris.com\/es\/wp-json\/wp\/v2\/users\/1"}],"replies":[{"embeddable":true,"href":"https:\/\/www.pacific-hotel-paris.com\/es\/wp-json\/wp\/v2\/comments?post=870"}],"version-history":[{"count":1,"href":"https:\/\/www.pacific-hotel-paris.com\/es\/wp-json\/wp\/v2\/pages\/870\/revisions"}],"predecessor-version":[{"id":875,"href":"https:\/\/www.pacific-hotel-paris.com\/es\/wp-json\/wp\/v2\/pages\/870\/revisions\/875"}],"wp:attachment":[{"href":"https:\/\/www.pacific-hotel-paris.com\/es\/wp-json\/wp\/v2\/media?parent=870"}],"curies":[{"name":"wp","href":"https:\/\/api.w.org\/{rel}","templated":true}]}}