{"id":667,"date":"2023-11-10T08:50:50","date_gmt":"2023-11-10T07:50:50","guid":{"rendered":"https:\/\/www.pacific-hotel-paris.com\/new\/offres-speciales\/"},"modified":"2026-01-30T11:25:02","modified_gmt":"2026-01-30T10:25:02","slug":"ofertas-especiales","status":"publish","type":"page","link":"https:\/\/www.pacific-hotel-paris.com\/es\/ofertas-especiales\/","title":{"rendered":"Offres sp\u00e9ciales"},"content":{"rendered":"\n\t<section class=\"section\" id=\"section_1666127903\">\n\t\t<div class=\"bg section-bg fill bg-fill  bg-loaded\" >\n\n\t\t\t\n\t\t\t\n\t\t\t\n\n\t\t<\/div>\n\n\t\t\n\n\t\t<div class=\"section-content relative\">\n\t\t\t\n\n\t<section class=\"section container-info-home\" id=\"section_639836483\">\n\t\t<div class=\"bg section-bg fill bg-fill  bg-loaded\" >\n\n\t\t\t\n\t\t\t\n\t\t\t\n\n\t\t<\/div>\n\n\t\t\n\n\t\t<div class=\"section-content relative\">\n\t\t\t\n\n<div class=\"row row-collapse align-middle align-center\"  id=\"row-1293067948\">\n\n\n\t<div id=\"col-892942220\" class=\"col small-12 large-12\"  >\n\t\t\t\t<div class=\"col-inner\"  >\n\t\t\t\n\t\t\t\n\n<a data-animate=\"blurIn\" rel=\"noopener noreferrer\" href=\"https:\/\/www.secure-direct-hotel-booking.com\/module_booking_engine\/index.php?id_etab=b3d1c5ce36742a13215e3e34fb704c41&#038;langue=espagnol\" target=\"_blank\" class=\"button primary is-small lowercase expand btn-avantages\"  style=\"padding:0px 0px 0px 0px;\">\n    <span>\u00a1Ventajas exclusivas!<\/span>\n  <\/a>\n\n\n<a data-animate=\"blurIn\" rel=\"noopener noreferrer\" href=\"https:\/\/www.secure-direct-hotel-booking.com\/module_booking_engine\/index.php?id_etab=b3d1c5ce36742a13215e3e34fb704c41&#038;langue=espagnol\" target=\"_blank\" class=\"button primary is-small lowercase expand btn-avantages\"  style=\"padding:0px 0px 0px 0px;\">\n    <span>Hasta 20% de descuento<\/span>\n  <\/a>\n\n\n\n\t\t<\/div>\n\t\t\t\t\n<style>\n#col-892942220 > .col-inner {\n  padding: 0px 0px 0px 0px;\n  margin: 0px 0px 0px 0px;\n}\n<\/style>\n\t<\/div>\n\n\t\n\n<\/div>\n\n\t\t<\/div>\n\n\t\t\n<style>\n#section_639836483 {\n  padding-top: 0px;\n  padding-bottom: 0px;\n}\n#section_639836483 .ux-shape-divider--top svg {\n  height: 150px;\n  --divider-top-width: 100%;\n}\n#section_639836483 .ux-shape-divider--bottom svg {\n  height: 150px;\n  --divider-width: 100%;\n}\n<\/style>\n\t<\/section>\n\t\n\n<div class=\"slider-wrapper relative\" id=\"slider-1316881595\" >\n    <div class=\"slider slider-nav-circle slider-nav-large slider-nav-light slider-style-normal\"\n        data-flickity-options='{\n            \"cellAlign\": \"center\",\n            \"imagesLoaded\": true,\n            \"lazyLoad\": 1,\n            \"freeScroll\": false,\n            \"wrapAround\": true,\n            \"autoPlay\": 6000,\n            \"pauseAutoPlayOnHover\" : true,\n            \"prevNextButtons\": true,\n            \"contain\" : true,\n            \"adaptiveHeight\" : true,\n            \"dragThreshold\" : 10,\n            \"percentPosition\": true,\n            \"pageDots\": true,\n            \"rightToLeft\": false,\n            \"draggable\": true,\n            \"selectedAttraction\": 0.1,\n            \"parallax\" : 0,\n            \"friction\": 0.6        }'\n        >\n        \n\n\n  <div class=\"banner has-hover\" id=\"banner-1516245019\">\n          <div class=\"banner-inner fill\">\n        <div class=\"banner-bg fill\" >\n            <div class=\"bg fill bg-fill \"><\/div>\n                                    \n                    <\/div>\n\t\t\n        <div class=\"banner-layers container\">\n            <div class=\"fill banner-link\"><\/div>            \n\n\n        <\/div>\n      <\/div>\n\n            \n<style>\n#banner-1516245019 {\n  padding-top: 350px;\n}\n#banner-1516245019 .bg.bg-loaded {\n  background-image: url(https:\/\/www.pacific-hotel-paris.com\/wp-content\/uploads\/2023\/10\/PACIFIC-HOTEL-15.jpg);\n}\n#banner-1516245019 .ux-shape-divider--top svg {\n  height: 150px;\n  --divider-top-width: 100%;\n}\n#banner-1516245019 .ux-shape-divider--bottom svg {\n  height: 150px;\n  --divider-width: 100%;\n}\n@media (min-width:550px) {\n  #banner-1516245019 {\n    padding-top: 450px;\n  }\n}\n@media (min-width:850px) {\n  #banner-1516245019 {\n    padding-top: 550px;\n  }\n}\n<\/style>\n  <\/div>\n\n\n\n  <div class=\"banner has-hover\" id=\"banner-1722424991\">\n          <div class=\"banner-inner fill\">\n        <div class=\"banner-bg fill\" >\n            <div class=\"bg fill bg-fill \"><\/div>\n                                    \n                    <\/div>\n\t\t\n        <div class=\"banner-layers container\">\n            <div class=\"fill banner-link\"><\/div>            \n\n\n        <\/div>\n      <\/div>\n\n            \n<style>\n#banner-1722424991 {\n  padding-top: 350px;\n}\n#banner-1722424991 .bg.bg-loaded {\n  background-image: url(https:\/\/www.pacific-hotel-paris.com\/wp-content\/uploads\/2023\/10\/PACIFIC-HOTEL-2.jpg);\n}\n#banner-1722424991 .bg {\n  background-position: right center;\n}\n#banner-1722424991 .ux-shape-divider--top svg {\n  height: 150px;\n  --divider-top-width: 100%;\n}\n#banner-1722424991 .ux-shape-divider--bottom svg {\n  height: 150px;\n  --divider-width: 100%;\n}\n@media (min-width:550px) {\n  #banner-1722424991 {\n    padding-top: 450px;\n  }\n}\n@media (min-width:850px) {\n  #banner-1722424991 {\n    padding-top: 550px;\n  }\n}\n<\/style>\n  <\/div>\n\n\n\n  <div class=\"banner has-hover\" id=\"banner-671992497\">\n          <div class=\"banner-inner fill\">\n        <div class=\"banner-bg fill\" >\n            <div class=\"bg fill bg-fill \"><\/div>\n                                    \n                    <\/div>\n\t\t\n        <div class=\"banner-layers container\">\n            <div class=\"fill banner-link\"><\/div>            \n\n\n        <\/div>\n      <\/div>\n\n            \n<style>\n#banner-671992497 {\n  padding-top: 350px;\n}\n#banner-671992497 .bg.bg-loaded {\n  background-image: url(https:\/\/www.pacific-hotel-paris.com\/wp-content\/uploads\/2023\/10\/PACIFIC-HOTEL-17.jpg);\n}\n#banner-671992497 .ux-shape-divider--top svg {\n  height: 150px;\n  --divider-top-width: 100%;\n}\n#banner-671992497 .ux-shape-divider--bottom svg {\n  height: 150px;\n  --divider-width: 100%;\n}\n@media (min-width:550px) {\n  #banner-671992497 {\n    padding-top: 450px;\n  }\n}\n@media (min-width:850px) {\n  #banner-671992497 {\n    padding-top: 550px;\n  }\n}\n<\/style>\n  <\/div>\n\n\n\n     <\/div>\n\n     <div class=\"loading-spin dark large centered\"><\/div>\n\n     \t<\/div>\n\n\n\n\t\t<\/div>\n\n\t\t\n<style>\n#section_1666127903 {\n  padding-top: 0px;\n  padding-bottom: 0px;\n}\n#section_1666127903 .ux-shape-divider--top svg {\n  height: 150px;\n  --divider-top-width: 100%;\n}\n#section_1666127903 .ux-shape-divider--bottom svg {\n  height: 150px;\n  --divider-width: 100%;\n}\n<\/style>\n\t<\/section>\n\t\n\t<section class=\"section\" id=\"section_570769339\">\n\t\t<div class=\"bg section-bg fill bg-fill  bg-loaded\" >\n\n\t\t\t\n\t\t\t\n\t\t\t\n\n\t\t<\/div>\n\n\t\t\n\n\t\t<div class=\"section-content relative\">\n\t\t\t\n\n<div class=\"row row-collapse align-center\"  id=\"row-987163992\">\n\n\n\t<div id=\"col-1832315605\" class=\"col small-12 large-12\"  >\n\t\t\t\t<div class=\"col-inner\"  >\n\t\t\t\n\t\t\t\n\n<h1 style=\"text-align: center;\">Nuestras ofertas especiales<\/h1>\n<p style=\"text-align: center; font-size: 18px;\"><strong>S\u00ed, hasta un 15 % de descuento adicional al reservar en nuestro sitio web, \u00a1SOLO en nuestro sitio web!<\/strong> <!-- p--><\/p>\n\n\t\t<\/div>\n\t\t\t\t\n<style>\n#col-1832315605 > .col-inner {\n  padding: 10px 0px 0px 0px;\n}\n<\/style>\n\t<\/div>\n\n\t\n\n<\/div>\n\n\t\t<\/div>\n\n\t\t\n<style>\n#section_570769339 {\n  padding-top: 30px;\n  padding-bottom: 30px;\n  background-color: rgba(63, 64, 80, 0.1);\n}\n#section_570769339 .ux-shape-divider--top svg {\n  height: 150px;\n  --divider-top-width: 100%;\n}\n#section_570769339 .ux-shape-divider--bottom svg {\n  height: 150px;\n  --divider-width: 100%;\n}\n<\/style>\n\t<\/section>\n\t\n\t<section class=\"section\" id=\"section_1725787648\">\n\t\t<div class=\"bg section-bg fill bg-fill  bg-loaded\" >\n\n\t\t\t\n\t\t\t\n\t\t\t\n\n\t\t<\/div>\n\n\t\t\n\n\t\t<div class=\"section-content relative\">\n\t\t\t\n\n<div class=\"row row-collapse row-full-width align-middle align-center\"  id=\"row-1191940215\">\n\n\n\t<div id=\"col-63571283\" class=\"col medium-12 small-12 large-6\"  >\n\t\t\t\t<div class=\"col-inner text-center\"  >\n\t\t\t\n\t\t\t\n\n<h2 style=\"text-align: center;\">Precio \u201cCertitud\u201d:<\/h2>\n<div style=\"text-align: left;\">Nuestra mejor oferta para experimentar el Pacific Hotel, su excepcional servicio y ubicaci\u00f3n.<\/div>\n<div estilo=\"text-align: izquierda;\"> <\/div>\n<div style=\"text-align: left;\">Ha fijado sus fechas de estancia con certeza y su reserva es definitiva. Por lo tanto, esta opci\u00f3n de precio es la mejor para usted.<\/div>\n<div estilo=\"text-align: izquierda;\"> <\/div>\n<ul>\n<li style=\"text-align: left;\">20 % de descuento <\/li>\n<li style=\"text-align: left;\">Sin pago por adelantado<\/li>\n<li style=\"text-align: left;\">No deshacer<\/li>\n<\/ul>\n\n<a rel=\"noopener noreferrer\" href=\"https:\/\/www.secure-direct-hotel-booking.com\/module_booking_engine\/index.php?id_etab=b3d1c5ce36742a13215e3e34fb704c41&#038;langue=espangol\" target=\"_blank\" class=\"button primary\"  style=\"border-radius:10px;padding:5px 20px 5px 20px;\">\n    <span>Reservar<\/span>\n  <\/a>\n\n\n\n\t\t<\/div>\n\t\t\t\t\n<style>\n#col-63571283 > .col-inner {\n  padding: 20px 20px 20px 20px;\n  max-width: 650px;\n}\n@media (min-width:850px) {\n  #col-63571283 > .col-inner {\n    padding: 20px 80px 20px 20px;\n  }\n}\n<\/style>\n\t<\/div>\n\n\t\n\n\t<div id=\"col-890969887\" class=\"col medium-8 small-12 large-6\"  >\n\t\t\t\t<div class=\"col-inner\"  >\n\t\t\t\n\t\t\t\n\n<div class=\"slider-wrapper relative\" id=\"slider-1427376160\" >\n    <div class=\"slider slider-nav-circle slider-nav-large slider-nav-light slider-style-normal\"\n        data-flickity-options='{\n            \"cellAlign\": \"center\",\n            \"imagesLoaded\": true,\n            \"lazyLoad\": 1,\n            \"freeScroll\": false,\n            \"wrapAround\": true,\n            \"autoPlay\": 6000,\n            \"pauseAutoPlayOnHover\" : true,\n            \"prevNextButtons\": true,\n            \"contain\" : true,\n            \"adaptiveHeight\" : true,\n            \"dragThreshold\" : 10,\n            \"percentPosition\": true,\n            \"pageDots\": true,\n            \"rightToLeft\": false,\n            \"draggable\": true,\n            \"selectedAttraction\": 0.1,\n            \"parallax\" : 0,\n            \"friction\": 0.6        }'\n        >\n        \n\n\t<div class=\"img has-hover x md-x lg-x y md-y lg-y\" id=\"image_418697267\">\n\t\t\t\t\t\t\t\t<div class=\"img-inner image-cover dark\" style=\"padding-top:56.25%;\">\n\t\t\t<img decoding=\"async\" width=\"1020\" height=\"680\" src=\"https:\/\/www.pacific-hotel-paris.com\/wp-content\/uploads\/2023\/10\/PACIFIC-HOTEL-30-1024x683.jpg\" class=\"attachment-large size-large\" alt=\"\" srcset=\"https:\/\/www.pacific-hotel-paris.com\/wp-content\/uploads\/2023\/10\/PACIFIC-HOTEL-30-1024x683.jpg 1024w, https:\/\/www.pacific-hotel-paris.com\/wp-content\/uploads\/2023\/10\/PACIFIC-HOTEL-30-300x200.jpg 300w, https:\/\/www.pacific-hotel-paris.com\/wp-content\/uploads\/2023\/10\/PACIFIC-HOTEL-30-768x512.jpg 768w, https:\/\/www.pacific-hotel-paris.com\/wp-content\/uploads\/2023\/10\/PACIFIC-HOTEL-30-1536x1025.jpg 1536w, https:\/\/www.pacific-hotel-paris.com\/wp-content\/uploads\/2023\/10\/PACIFIC-HOTEL-30.jpg 1920w\" sizes=\"(max-width: 1020px) 100vw, 1020px\" \/>\t\t\t\t\t\t\n\t\t\t\t\t<\/div>\n\t\t\t\t\t\t\t\t\n<style>\n#image_418697267 {\n  width: 100%;\n}\n<\/style>\n\t<\/div>\n\t\n\n\n     <\/div>\n\n     <div class=\"loading-spin dark large centered\"><\/div>\n\n     \t<\/div>\n\n\n\n\t\t<\/div>\n\t\t\t\t\t<\/div>\n\n\t\n\n<\/div>\n\n\t\t<\/div>\n\n\t\t\n<style>\n#section_1725787648 {\n  padding-top: 0px;\n  padding-bottom: 0px;\n}\n#section_1725787648 .ux-shape-divider--top svg {\n  height: 150px;\n  --divider-top-width: 100%;\n}\n#section_1725787648 .ux-shape-divider--bottom svg {\n  height: 150px;\n  --divider-width: 100%;\n}\n<\/style>\n\t<\/section>\n\t\n\t<section class=\"section\" id=\"section_1475378877\">\n\t\t<div class=\"bg section-bg fill bg-fill  bg-loaded\" >\n\n\t\t\t\n\t\t\t\n\t\t\t\n\n\t\t<\/div>\n\n\t\t\n\n\t\t<div class=\"section-content relative\">\n\t\t\t\n\n<div class=\"row row-collapse\"  id=\"row-1607513641\">\n\n\n\t<div id=\"col-1146941077\" class=\"col small-12 large-12\"  >\n\t\t\t\t<div class=\"col-inner\"  >\n\t\t\t\n\t\t\t\n\n<blockquote>\n<p><strong>Anna &#8211; Chipre<\/strong><br \/>\u201c\u00a1\u00a1Para un hotel de 2 estrellas, la combinaci\u00f3n de precio y calidad es incre\u00edble!!! ))) Muy feliz. Excelente servicio, personal muy amable, tama\u00f1o de habitaci\u00f3n adecuado para Par\u00eds, calidad incre\u00edble por el precio, buen vecindario: muchos caf\u00e9s, peque\u00f1os restaurantes, etc. Limpieza diaria; El personal sugiri\u00f3 muchos lugares para visitar para comer y dio consejos sobre transporte. A 15 minutos de la Torre Eiffel. Barrio muy tranquilo y seguro.\u201d<\/p>\n<\/blockquote>\n\n\t\t<\/div>\n\t\t\t\t\n<style>\n#col-1146941077 > .col-inner {\n  margin: 30px 0px 0px 0px;\n}\n<\/style>\n\t<\/div>\n\n\t\n\n<\/div>\n\n\t\t<\/div>\n\n\t\t\n<style>\n#section_1475378877 {\n  padding-top: 20px;\n  padding-bottom: 20px;\n  background-color: rgb(245, 245, 245);\n}\n#section_1475378877 .ux-shape-divider--top svg {\n  height: 150px;\n  --divider-top-width: 100%;\n}\n#section_1475378877 .ux-shape-divider--bottom svg {\n  height: 150px;\n  --divider-width: 100%;\n}\n<\/style>\n\t<\/section>\n\t\n\t<section class=\"section\" id=\"section_2122622821\">\n\t\t<div class=\"bg section-bg fill bg-fill  bg-loaded\" >\n\n\t\t\t\n\t\t\t\n\t\t\t\n\n\t\t<\/div>\n\n\t\t\n\n\t\t<div class=\"section-content relative\">\n\t\t\t\n\n<div class=\"row row-collapse row-full-width align-middle align-center\"  id=\"row-1844634268\">\n\n\n\t<div id=\"col-614351708\" class=\"col medium-8 small-12 large-6\"  >\n\t\t\t\t<div class=\"col-inner\"  >\n\t\t\t\n\t\t\t\n\n<div class=\"slider-wrapper relative\" id=\"slider-588479058\" >\n    <div class=\"slider slider-nav-circle slider-nav-large slider-nav-light slider-style-normal\"\n        data-flickity-options='{\n            \"cellAlign\": \"center\",\n            \"imagesLoaded\": true,\n            \"lazyLoad\": 1,\n            \"freeScroll\": false,\n            \"wrapAround\": true,\n            \"autoPlay\": 6000,\n            \"pauseAutoPlayOnHover\" : true,\n            \"prevNextButtons\": true,\n            \"contain\" : true,\n            \"adaptiveHeight\" : true,\n            \"dragThreshold\" : 10,\n            \"percentPosition\": true,\n            \"pageDots\": true,\n            \"rightToLeft\": false,\n            \"draggable\": true,\n            \"selectedAttraction\": 0.1,\n            \"parallax\" : 0,\n            \"friction\": 0.6        }'\n        >\n        \n\n\t<div class=\"img has-hover x md-x lg-x y md-y lg-y\" id=\"image_1963935390\">\n\t\t\t\t\t\t\t\t<div class=\"img-inner image-cover dark\" style=\"padding-top:56.25%;\">\n\t\t\t<img decoding=\"async\" width=\"1020\" height=\"680\" src=\"https:\/\/www.pacific-hotel-paris.com\/wp-content\/uploads\/2023\/10\/PACIFIC-HOTEL-15-1024x683.jpg\" class=\"attachment-large size-large\" alt=\"\" srcset=\"https:\/\/www.pacific-hotel-paris.com\/wp-content\/uploads\/2023\/10\/PACIFIC-HOTEL-15-1024x683.jpg 1024w, https:\/\/www.pacific-hotel-paris.com\/wp-content\/uploads\/2023\/10\/PACIFIC-HOTEL-15-300x200.jpg 300w, https:\/\/www.pacific-hotel-paris.com\/wp-content\/uploads\/2023\/10\/PACIFIC-HOTEL-15-768x512.jpg 768w, https:\/\/www.pacific-hotel-paris.com\/wp-content\/uploads\/2023\/10\/PACIFIC-HOTEL-15-1536x1025.jpg 1536w, https:\/\/www.pacific-hotel-paris.com\/wp-content\/uploads\/2023\/10\/PACIFIC-HOTEL-15.jpg 1920w\" sizes=\"(max-width: 1020px) 100vw, 1020px\" \/>\t\t\t\t\t\t\n\t\t\t\t\t<\/div>\n\t\t\t\t\t\t\t\t\n<style>\n#image_1963935390 {\n  width: 100%;\n}\n<\/style>\n\t<\/div>\n\t\n\n\n     <\/div>\n\n     <div class=\"loading-spin dark large centered\"><\/div>\n\n     \t<\/div>\n\n\n\n\t\t<\/div>\n\t\t\t\t\t<\/div>\n\n\t\n\n\t<div id=\"col-2028243981\" class=\"col medium-12 small-12 large-6 medium-col-first\"  >\n\t\t\t\t<div class=\"col-inner text-center\"  >\n\t\t\t\n\t\t\t\n\n<h2 style=\"text-align: center;\">Precio \u201cSitio oficial\u201d<\/h2>\n<p style=\"text-align: left;\">Simplemente reserve directamente en nuestro sitio para obtener:<\/p>\n<ul>\n<li style=\"text-align: left;\">10&nbsp;% de descuento adicional<\/li>\n<li style=\"text-align: left;\">Sin pago por adelantado<\/li>\n<li style=\"text-align: left;\">Cancelaci\u00f3n posible hasta con 24 horas de antelaci\u00f3n<\/li>\n<\/ul>\n<a rel=\"noopener noreferrer\" href=\"https:\/\/www.secure-direct-hotel-booking.com\/module_booking_engine\/index.php?id_etab=b3d1c5ce36742a13215e3e34fb704c41&#038;langue=espagnol\" target=\"_blank\" class=\"button primary\"  style=\"border-radius:10px;padding:5px 20px 5px 20px;\">\n    <span>Reservar<\/span>\n  <\/a>\n\n\n\n\t\t<\/div>\n\t\t\t\t\n<style>\n#col-2028243981 > .col-inner {\n  padding: 20px 20px 20px 20px;\n  max-width: 650px;\n}\n@media (min-width:850px) {\n  #col-2028243981 > .col-inner {\n    padding: 20px 20px 20px 80px;\n  }\n}\n<\/style>\n\t<\/div>\n\n\t\n\n<\/div>\n\n\t\t<\/div>\n\n\t\t\n<style>\n#section_2122622821 {\n  padding-top: 0px;\n  padding-bottom: 0px;\n}\n#section_2122622821 .ux-shape-divider--top svg {\n  height: 150px;\n  --divider-top-width: 100%;\n}\n#section_2122622821 .ux-shape-divider--bottom svg {\n  height: 150px;\n  --divider-width: 100%;\n}\n<\/style>\n\t<\/section>\n\t\n\t<section class=\"section\" id=\"section_414660271\">\n\t\t<div class=\"bg section-bg fill bg-fill  bg-loaded\" >\n\n\t\t\t\n\t\t\t\n\t\t\t\n\n\t\t<\/div>\n\n\t\t\n\n\t\t<div class=\"section-content relative\">\n\t\t\t\n\n<div class=\"row row-collapse\"  id=\"row-1442686588\">\n\n\n\t<div id=\"col-118988597\" class=\"col small-12 large-12\"  >\n\t\t\t\t<div class=\"col-inner\"  >\n\t\t\t\n\t\t\t\n\n<blockquote>\n<p><strong>Reino Unido<\/strong><br \/>\u201cPersonal muy profesional que habla bien ingl\u00e9s, tal como se anuncia. El precio fue excelente para la ubicaci\u00f3n.\u201d<\/p>\n<\/blockquote>\n\n\t\t<\/div>\n\t\t\t\t\n<style>\n#col-118988597 > .col-inner {\n  margin: 30px 0px 0px 0px;\n}\n<\/style>\n\t<\/div>\n\n\t\n\n<\/div>\n\n\t\t<\/div>\n\n\t\t\n<style>\n#section_414660271 {\n  padding-top: 20px;\n  padding-bottom: 20px;\n  background-color: rgb(245, 245, 245);\n}\n#section_414660271 .ux-shape-divider--top svg {\n  height: 150px;\n  --divider-top-width: 100%;\n}\n#section_414660271 .ux-shape-divider--bottom svg {\n  height: 150px;\n  --divider-width: 100%;\n}\n<\/style>\n\t<\/section>\n\t\n\n\n\n\n\n\n\n\n","protected":false},"excerpt":{"rendered":"","protected":false},"author":1,"featured_media":0,"parent":0,"menu_order":0,"comment_status":"closed","ping_status":"closed","template":"page-blank.php","meta":{"footnotes":""},"class_list":["post-667","page","type-page","status-publish","hentry"],"yoast_head":"<!-- This site is optimized with the Yoast SEO plugin v21.7 - https:\/\/yoast.com\/wordpress\/plugins\/seo\/ -->\n<title>Descubra todas las ofertas especiales del Pacific H\u00f4tel Paris<\/title>\n<meta name=\"description\" content=\"S\u00ed, hasta un 15% de descuento adicional al reservar en nuestro sitio web - \u00a1SOLO en nuestro sitio web!\" \/>\n<meta name=\"robots\" content=\"index, follow, max-snippet:-1, max-image-preview:large, max-video-preview:-1\" \/>\n<link rel=\"canonical\" href=\"https:\/\/www.pacific-hotel-paris.com\/es\/ofertas-especiales\/\" \/>\n<meta property=\"og:locale\" content=\"es_ES\" \/>\n<meta property=\"og:type\" content=\"article\" \/>\n<meta property=\"og:title\" content=\"Descubra todas las ofertas especiales del Pacific H\u00f4tel Paris\" \/>\n<meta property=\"og:description\" content=\"S\u00ed, hasta un 15% de descuento adicional al reservar en nuestro sitio web - \u00a1SOLO en nuestro sitio web!\" \/>\n<meta property=\"og:url\" content=\"https:\/\/www.pacific-hotel-paris.com\/es\/ofertas-especiales\/\" \/>\n<meta property=\"og:site_name\" content=\"Pacific H\u00f4tel\" \/>\n<meta property=\"article:modified_time\" content=\"2026-01-30T10:25:02+00:00\" \/>\n<meta name=\"twitter:card\" content=\"summary_large_image\" \/>\n<meta name=\"twitter:label1\" content=\"Tiempo de lectura\" \/>\n\t<meta name=\"twitter:data1\" content=\"4 minutos\" \/>\n<script type=\"application\/ld+json\" class=\"yoast-schema-graph\">{\"@context\":\"https:\/\/schema.org\",\"@graph\":[{\"@type\":\"WebPage\",\"@id\":\"https:\/\/www.pacific-hotel-paris.com\/es\/ofertas-especiales\/\",\"url\":\"https:\/\/www.pacific-hotel-paris.com\/es\/ofertas-especiales\/\",\"name\":\"Descubra todas las ofertas especiales del Pacific H\u00f4tel Paris\",\"isPartOf\":{\"@id\":\"https:\/\/www.pacific-hotel-paris.com\/#website\"},\"datePublished\":\"2023-11-10T07:50:50+00:00\",\"dateModified\":\"2026-01-30T10:25:02+00:00\",\"description\":\"S\u00ed, hasta un 15% de descuento adicional al reservar en nuestro sitio web - \u00a1SOLO en nuestro sitio web!\",\"breadcrumb\":{\"@id\":\"https:\/\/www.pacific-hotel-paris.com\/es\/ofertas-especiales\/#breadcrumb\"},\"inLanguage\":\"es\",\"potentialAction\":[{\"@type\":\"ReadAction\",\"target\":[\"https:\/\/www.pacific-hotel-paris.com\/es\/ofertas-especiales\/\"]}]},{\"@type\":\"BreadcrumbList\",\"@id\":\"https:\/\/www.pacific-hotel-paris.com\/es\/ofertas-especiales\/#breadcrumb\",\"itemListElement\":[{\"@type\":\"ListItem\",\"position\":1,\"name\":\"Accueil\",\"item\":\"https:\/\/www.pacific-hotel-paris.com\/es\/\"},{\"@type\":\"ListItem\",\"position\":2,\"name\":\"Offres sp\u00e9ciales\"}]},{\"@type\":\"WebSite\",\"@id\":\"https:\/\/www.pacific-hotel-paris.com\/#website\",\"url\":\"https:\/\/www.pacific-hotel-paris.com\/\",\"name\":\"Pacific H\u00f4tel\",\"description\":\"\",\"potentialAction\":[{\"@type\":\"SearchAction\",\"target\":{\"@type\":\"EntryPoint\",\"urlTemplate\":\"https:\/\/www.pacific-hotel-paris.com\/?s={search_term_string}\"},\"query-input\":\"required name=search_term_string\"}],\"inLanguage\":\"es\"}]}<\/script>\n<!-- \/ Yoast SEO plugin. -->","yoast_head_json":{"title":"Descubra todas las ofertas especiales del Pacific H\u00f4tel Paris","description":"S\u00ed, hasta un 15% de descuento adicional al reservar en nuestro sitio web - \u00a1SOLO en nuestro sitio web!","robots":{"index":"index","follow":"follow","max-snippet":"max-snippet:-1","max-image-preview":"max-image-preview:large","max-video-preview":"max-video-preview:-1"},"canonical":"https:\/\/www.pacific-hotel-paris.com\/es\/ofertas-especiales\/","og_locale":"es_ES","og_type":"article","og_title":"Descubra todas las ofertas especiales del Pacific H\u00f4tel Paris","og_description":"S\u00ed, hasta un 15% de descuento adicional al reservar en nuestro sitio web - \u00a1SOLO en nuestro sitio web!","og_url":"https:\/\/www.pacific-hotel-paris.com\/es\/ofertas-especiales\/","og_site_name":"Pacific H\u00f4tel","article_modified_time":"2026-01-30T10:25:02+00:00","twitter_card":"summary_large_image","twitter_misc":{"Tiempo de lectura":"4 minutos"},"schema":{"@context":"https:\/\/schema.org","@graph":[{"@type":"WebPage","@id":"https:\/\/www.pacific-hotel-paris.com\/es\/ofertas-especiales\/","url":"https:\/\/www.pacific-hotel-paris.com\/es\/ofertas-especiales\/","name":"Descubra todas las ofertas especiales del Pacific H\u00f4tel Paris","isPartOf":{"@id":"https:\/\/www.pacific-hotel-paris.com\/#website"},"datePublished":"2023-11-10T07:50:50+00:00","dateModified":"2026-01-30T10:25:02+00:00","description":"S\u00ed, hasta un 15% de descuento adicional al reservar en nuestro sitio web - \u00a1SOLO en nuestro sitio web!","breadcrumb":{"@id":"https:\/\/www.pacific-hotel-paris.com\/es\/ofertas-especiales\/#breadcrumb"},"inLanguage":"es","potentialAction":[{"@type":"ReadAction","target":["https:\/\/www.pacific-hotel-paris.com\/es\/ofertas-especiales\/"]}]},{"@type":"BreadcrumbList","@id":"https:\/\/www.pacific-hotel-paris.com\/es\/ofertas-especiales\/#breadcrumb","itemListElement":[{"@type":"ListItem","position":1,"name":"Accueil","item":"https:\/\/www.pacific-hotel-paris.com\/es\/"},{"@type":"ListItem","position":2,"name":"Offres sp\u00e9ciales"}]},{"@type":"WebSite","@id":"https:\/\/www.pacific-hotel-paris.com\/#website","url":"https:\/\/www.pacific-hotel-paris.com\/","name":"Pacific H\u00f4tel","description":"","potentialAction":[{"@type":"SearchAction","target":{"@type":"EntryPoint","urlTemplate":"https:\/\/www.pacific-hotel-paris.com\/?s={search_term_string}"},"query-input":"required name=search_term_string"}],"inLanguage":"es"}]}},"_links":{"self":[{"href":"https:\/\/www.pacific-hotel-paris.com\/es\/wp-json\/wp\/v2\/pages\/667","targetHints":{"allow":["GET"]}}],"collection":[{"href":"https:\/\/www.pacific-hotel-paris.com\/es\/wp-json\/wp\/v2\/pages"}],"about":[{"href":"https:\/\/www.pacific-hotel-paris.com\/es\/wp-json\/wp\/v2\/types\/page"}],"author":[{"embeddable":true,"href":"https:\/\/www.pacific-hotel-paris.com\/es\/wp-json\/wp\/v2\/users\/1"}],"replies":[{"embeddable":true,"href":"https:\/\/www.pacific-hotel-paris.com\/es\/wp-json\/wp\/v2\/comments?post=667"}],"version-history":[{"count":6,"href":"https:\/\/www.pacific-hotel-paris.com\/es\/wp-json\/wp\/v2\/pages\/667\/revisions"}],"predecessor-version":[{"id":883,"href":"https:\/\/www.pacific-hotel-paris.com\/es\/wp-json\/wp\/v2\/pages\/667\/revisions\/883"}],"wp:attachment":[{"href":"https:\/\/www.pacific-hotel-paris.com\/es\/wp-json\/wp\/v2\/media?parent=667"}],"curies":[{"name":"wp","href":"https:\/\/api.w.org\/{rel}","templated":true}]}}