{"id":654,"date":"2023-01-03T08:49:34","date_gmt":"2023-01-03T07:49:34","guid":{"rendered":"https:\/\/www.pacific-hotel-paris.com\/new\/accueil\/"},"modified":"2023-12-13T20:23:58","modified_gmt":"2023-12-13T19:23:58","slug":"inicio-pacific-hotel","status":"publish","type":"page","link":"https:\/\/www.pacific-hotel-paris.com\/es\/","title":{"rendered":"Accueil"},"content":{"rendered":"\n\t<section class=\"section\" id=\"section_743558980\">\n\t\t<div class=\"bg section-bg fill bg-fill  bg-loaded\" >\n\n\t\t\t\n\t\t\t\n\t\t\t\n\n\t\t<\/div>\n\n\t\t\n\n\t\t<div class=\"section-content relative\">\n\t\t\t\n\n\t<section class=\"section container-info-home\" id=\"section_225793733\">\n\t\t<div class=\"bg section-bg fill bg-fill  bg-loaded\" >\n\n\t\t\t\n\t\t\t\n\t\t\t\n\n\t\t<\/div>\n\n\t\t\n\n\t\t<div class=\"section-content relative\">\n\t\t\t\n\n<div class=\"row row-collapse align-middle align-center\"  id=\"row-531116123\">\n\n\n\t<div id=\"col-370383209\" class=\"col small-12 large-12\"  >\n\t\t\t\t<div class=\"col-inner\"  >\n\t\t\t\n\t\t\t\n\n<a data-animate=\"blurIn\" rel=\"noopener noreferrer\" href=\"https:\/\/www.secure-direct-hotel-booking.com\/module_booking_engine\/index.php?id_etab=b3d1c5ce36742a13215e3e34fb704c41&#038;langue=espagnol\" target=\"_blank\" class=\"button primary is-small lowercase expand btn-avantages\"  style=\"padding:0px 0px 0px 0px;\">\n    <span>\u00a1Ventajas exclusivas!<\/span>\n  <\/a>\n\n\n<a data-animate=\"blurIn\" rel=\"noopener noreferrer\" href=\"https:\/\/www.secure-direct-hotel-booking.com\/module_booking_engine\/index.php?id_etab=b3d1c5ce36742a13215e3e34fb704c41&#038;langue=espagnol\" target=\"_blank\" class=\"button primary is-small lowercase expand btn-avantages\"  style=\"padding:0px 0px 0px 0px;\">\n    <span>Hasta 20% de descuento<\/span>\n  <\/a>\n\n\n\n\t\t<\/div>\n\t\t\t\t\n<style>\n#col-370383209 > .col-inner {\n  padding: 0px 0px 0px 0px;\n  margin: 0px 0px 0px 0px;\n}\n<\/style>\n\t<\/div>\n\n\t\n\n<\/div>\n\n\t\t<\/div>\n\n\t\t\n<style>\n#section_225793733 {\n  padding-top: 0px;\n  padding-bottom: 0px;\n}\n#section_225793733 .ux-shape-divider--top svg {\n  height: 150px;\n  --divider-top-width: 100%;\n}\n#section_225793733 .ux-shape-divider--bottom svg {\n  height: 150px;\n  --divider-width: 100%;\n}\n<\/style>\n\t<\/section>\n\t\n\n<div class=\"slider-wrapper relative\" id=\"slider-2033237319\" >\n    <div class=\"slider slider-nav-circle slider-nav-large slider-nav-light slider-style-normal\"\n        data-flickity-options='{\n            \"cellAlign\": \"center\",\n            \"imagesLoaded\": true,\n            \"lazyLoad\": 1,\n            \"freeScroll\": false,\n            \"wrapAround\": true,\n            \"autoPlay\": 6000,\n            \"pauseAutoPlayOnHover\" : true,\n            \"prevNextButtons\": true,\n            \"contain\" : true,\n            \"adaptiveHeight\" : true,\n            \"dragThreshold\" : 10,\n            \"percentPosition\": true,\n            \"pageDots\": true,\n            \"rightToLeft\": false,\n            \"draggable\": true,\n            \"selectedAttraction\": 0.1,\n            \"parallax\" : 0,\n            \"friction\": 0.6        }'\n        >\n        \n\n\n  <div class=\"banner has-hover slide-te\" id=\"banner-147730333\">\n          <div class=\"banner-inner fill\">\n        <div class=\"banner-bg fill\" >\n            <div class=\"bg fill bg-fill \"><\/div>\n                                    \n                    <\/div>\n\t\t\n        <div class=\"banner-layers container\">\n            <div class=\"fill banner-link\"><\/div>            \n\n\n        <\/div>\n      <\/div>\n\n            \n<style>\n#banner-147730333 {\n  padding-top: 350px;\n}\n#banner-147730333 .bg.bg-loaded {\n  background-image: url(https:\/\/www.pacific-hotel-paris.com\/wp-content\/uploads\/2023\/11\/tour-eiffel-premium_photo-1661919210043-fd847a58522d.jpg);\n}\n#banner-147730333 .bg {\n  background-position: center top;\n}\n#banner-147730333 .ux-shape-divider--top svg {\n  height: 150px;\n  --divider-top-width: 100%;\n}\n#banner-147730333 .ux-shape-divider--bottom svg {\n  height: 150px;\n  --divider-width: 100%;\n}\n@media (min-width:550px) {\n  #banner-147730333 {\n    padding-top: 450px;\n  }\n}\n@media (min-width:850px) {\n  #banner-147730333 {\n    padding-top: 550px;\n  }\n}\n<\/style>\n  <\/div>\n\n\n\n  <div class=\"banner has-hover\" id=\"banner-646358325\">\n          <div class=\"banner-inner fill\">\n        <div class=\"banner-bg fill\" >\n            <div class=\"bg fill bg-fill \"><\/div>\n                                    \n                    <\/div>\n\t\t\n        <div class=\"banner-layers container\">\n            <div class=\"fill banner-link\"><\/div>            \n\n\n        <\/div>\n      <\/div>\n\n            \n<style>\n#banner-646358325 {\n  padding-top: 350px;\n}\n#banner-646358325 .bg.bg-loaded {\n  background-image: url(https:\/\/www.pacific-hotel-paris.com\/wp-content\/uploads\/2023\/10\/PACIFIC-HOTEL-20.jpg);\n}\n#banner-646358325 .ux-shape-divider--top svg {\n  height: 150px;\n  --divider-top-width: 100%;\n}\n#banner-646358325 .ux-shape-divider--bottom svg {\n  height: 150px;\n  --divider-width: 100%;\n}\n@media (min-width:550px) {\n  #banner-646358325 {\n    padding-top: 450px;\n  }\n}\n@media (min-width:850px) {\n  #banner-646358325 {\n    padding-top: 550px;\n  }\n}\n<\/style>\n  <\/div>\n\n\n\n  <div class=\"banner has-hover\" id=\"banner-852830067\">\n          <div class=\"banner-inner fill\">\n        <div class=\"banner-bg fill\" >\n            <div class=\"bg fill bg-fill \"><\/div>\n                                    \n                    <\/div>\n\t\t\n        <div class=\"banner-layers container\">\n            <div class=\"fill banner-link\"><\/div>            \n\n\n        <\/div>\n      <\/div>\n\n            \n<style>\n#banner-852830067 {\n  padding-top: 350px;\n}\n#banner-852830067 .bg.bg-loaded {\n  background-image: url(https:\/\/www.pacific-hotel-paris.com\/wp-content\/uploads\/2023\/11\/PACIFIC-HOTEL-14.jpg);\n}\n#banner-852830067 .ux-shape-divider--top svg {\n  height: 150px;\n  --divider-top-width: 100%;\n}\n#banner-852830067 .ux-shape-divider--bottom svg {\n  height: 150px;\n  --divider-width: 100%;\n}\n@media (min-width:550px) {\n  #banner-852830067 {\n    padding-top: 450px;\n  }\n}\n@media (min-width:850px) {\n  #banner-852830067 {\n    padding-top: 550px;\n  }\n}\n<\/style>\n  <\/div>\n\n\n\n     <\/div>\n\n     <div class=\"loading-spin dark large centered\"><\/div>\n\n     \t<\/div>\n\n\n\n\t\t<\/div>\n\n\t\t\n<style>\n#section_743558980 {\n  padding-top: 0px;\n  padding-bottom: 0px;\n}\n#section_743558980 .ux-shape-divider--top svg {\n  height: 150px;\n  --divider-top-width: 100%;\n}\n#section_743558980 .ux-shape-divider--bottom svg {\n  height: 150px;\n  --divider-width: 100%;\n}\n<\/style>\n\t<\/section>\n\t\n\t<section class=\"section\" id=\"section_153392781\">\n\t\t<div class=\"bg section-bg fill bg-fill  bg-loaded\" >\n\n\t\t\t\n\t\t\t\n\t\t\t\n\n\t\t<\/div>\n\n\t\t\n\n\t\t<div class=\"section-content relative\">\n\t\t\t\n\n<div class=\"row row-collapse align-center\"  id=\"row-566162869\">\n\n\n\t<div id=\"col-1983622596\" class=\"col small-12 large-12\"  >\n\t\t\t\t<div class=\"col-inner\"  >\n\t\t\t\n\t\t\t\n\n<h2 style=\"text-align: center;\">\u00a1Descubre nuestro hotel familiar con una excelente relaci\u00f3n calidad-precio, situado a s\u00f3lo 10 minutos a pie de la Torre Eiffel!<\/h2>\n<p style=\"text-align: center; font-size:18px;\">Vendr\u00e1 por la ubicaci\u00f3n y regresar\u00e1 por nuestro excepcional servicio al cliente.<\/p>\n\n\t\t<\/div>\n\t\t\t\t\n<style>\n#col-1983622596 > .col-inner {\n  padding: 10px 0px 0px 0px;\n}\n<\/style>\n\t<\/div>\n\n\t\n\n<\/div>\n\n\t\t<\/div>\n\n\t\t\n<style>\n#section_153392781 {\n  padding-top: 30px;\n  padding-bottom: 30px;\n  background-color: rgba(63, 64, 80, 0.1);\n}\n#section_153392781 .ux-shape-divider--top svg {\n  height: 150px;\n  --divider-top-width: 100%;\n}\n#section_153392781 .ux-shape-divider--bottom svg {\n  height: 150px;\n  --divider-width: 100%;\n}\n<\/style>\n\t<\/section>\n\t\n\t<section class=\"section\" id=\"section_585396846\">\n\t\t<div class=\"bg section-bg fill bg-fill  bg-loaded\" >\n\n\t\t\t\n\t\t\t\n\t\t\t\n\n\t\t<\/div>\n\n\t\t\n\n\t\t<div class=\"section-content relative\">\n\t\t\t\n\n<div class=\"row row-full-width align-middle align-center\"  id=\"row-400829959\">\n\n\n\t<div id=\"col-1444749770\" class=\"col medium-12 small-12 large-6\"  >\n\t\t\t\t<div class=\"col-inner\"  >\n\t\t\t\n\t\t\t\n\n<h1 style=\"text-align: center;\">BIENVENIDO<br \/>EN EL PAC\u00cdFICO HOTEL PAR\u00cdS<\/h1>\n<p>Nuestro hotel familiar hace gala de su encanto, a s\u00f3lo <strong>10 minutos a pie de la Torre Eiffel,<\/strong> una preciosa ubicaci\u00f3n con una <strong>buena relaci\u00f3n calidad-precio<\/strong> y, sobre todo, un <strong>servicio excepcional.<\/strong><\/p>\n<p><strong>Esp\u00edritu de familia<\/strong> y una <strong>experiencia de calidad<\/strong>, en comodidad y amabilidad: a nuestros clientes les encanta y vuelven.<\/p>\n<p>La est\u00e9tica se combina con la calidez y la accesibilidad..<\/p>\n<p><strong>En nuestro sitio web estaremos encantados de ofrecerle hasta un 15% de descuento adicional.<\/strong><\/p>\n\n\t\t<\/div>\n\t\t\t\t\n<style>\n#col-1444749770 > .col-inner {\n  padding: 50px 30px 0px 30px;\n  max-width: 650px;\n}\n@media (min-width:850px) {\n  #col-1444749770 > .col-inner {\n    padding: 50px 50px 0px 30px;\n  }\n}\n<\/style>\n\t<\/div>\n\n\t\n\n\t<div id=\"col-637232366\" class=\"col medium-8 small-12 large-6\"  >\n\t\t\t\t<div class=\"col-inner\"  >\n\t\t\t\n\t\t\t\n\n\t<div class=\"box has-hover   has-hover box-push box-text-bottom\" >\n\n\t\t<div class=\"box-image\" >\n\t\t\t<a href=\"https:\/\/www.pacific-hotel-paris.com\/es\/nuestra-historia\/\"  >\t\t\t<div class=\"\" >\n\t\t\t\t<img decoding=\"async\" width=\"1694\" height=\"1265\" src=\"https:\/\/www.pacific-hotel-paris.com\/wp-content\/uploads\/2023\/11\/notre-histoire-5.jpg\" class=\"attachment-original size-original\" alt=\"\" srcset=\"https:\/\/www.pacific-hotel-paris.com\/wp-content\/uploads\/2023\/11\/notre-histoire-5.jpg 1694w, https:\/\/www.pacific-hotel-paris.com\/wp-content\/uploads\/2023\/11\/notre-histoire-5-300x224.jpg 300w, https:\/\/www.pacific-hotel-paris.com\/wp-content\/uploads\/2023\/11\/notre-histoire-5-1024x765.jpg 1024w, https:\/\/www.pacific-hotel-paris.com\/wp-content\/uploads\/2023\/11\/notre-histoire-5-768x574.jpg 768w, https:\/\/www.pacific-hotel-paris.com\/wp-content\/uploads\/2023\/11\/notre-histoire-5-1536x1147.jpg 1536w\" sizes=\"(max-width: 1694px) 100vw, 1694px\" \/>\t\t\t\t\t\t\t\t\t\t\t<\/div>\n\t\t\t<\/a>\t\t<\/div>\n\n\t\t<div class=\"box-text text-center\" >\n\t\t\t<div class=\"box-text-inner\">\n\t\t\t\t\n\n<h4><a href=\"https:\/\/www.pacific-hotel-paris.com\/es\/nuestra-historia\/\"><em>Una historia familiar<\/em><\/a><\/h4>\n\n\n\t\t\t<\/div>\n\t\t<\/div>\n\t<\/div>\n\t\n\n\t\t<\/div>\n\t\t\t\t\n<style>\n#col-637232366 > .col-inner {\n  max-width: 650px;\n}\n<\/style>\n\t<\/div>\n\n\t\n\n<\/div>\n\n\t\t<\/div>\n\n\t\t\n<style>\n#section_585396846 {\n  padding-top: 0px;\n  padding-bottom: 0px;\n  margin-bottom: 80px;\n}\n#section_585396846 .ux-shape-divider--top svg {\n  height: 150px;\n  --divider-top-width: 100%;\n}\n#section_585396846 .ux-shape-divider--bottom svg {\n  height: 150px;\n  --divider-width: 100%;\n}\n<\/style>\n\t<\/section>\n\t\n\t<section class=\"section\" id=\"section_1669365560\">\n\t\t<div class=\"bg section-bg fill bg-fill  bg-loaded\" >\n\n\t\t\t\n\t\t\t\n\t\t\t\n\n\t\t<\/div>\n\n\t\t\n\n\t\t<div class=\"section-content relative\">\n\t\t\t\n\n<div class=\"row row-small row-full-width align-middle align-center\"  id=\"row-1175358774\">\n\n\n\t<div id=\"col-1225062439\" class=\"col medium-9 small-10 large-6\"  >\n\t\t\t\t<div class=\"col-inner\"  >\n\t\t\t\n\t\t\t\n\n\t<div class=\"img has-hover x md-x lg-x y md-y lg-y\" id=\"image_174103204\">\n\t\t\t\t\t\t\t\t<div class=\"img-inner dark\" >\n\t\t\t<img decoding=\"async\" width=\"1020\" height=\"680\" src=\"https:\/\/www.pacific-hotel-paris.com\/wp-content\/uploads\/2023\/10\/PACIFIC-HOTEL-15-1024x683.jpg\" class=\"attachment-large size-large\" alt=\"\" srcset=\"https:\/\/www.pacific-hotel-paris.com\/wp-content\/uploads\/2023\/10\/PACIFIC-HOTEL-15-1024x683.jpg 1024w, https:\/\/www.pacific-hotel-paris.com\/wp-content\/uploads\/2023\/10\/PACIFIC-HOTEL-15-300x200.jpg 300w, https:\/\/www.pacific-hotel-paris.com\/wp-content\/uploads\/2023\/10\/PACIFIC-HOTEL-15-768x512.jpg 768w, https:\/\/www.pacific-hotel-paris.com\/wp-content\/uploads\/2023\/10\/PACIFIC-HOTEL-15-1536x1025.jpg 1536w, https:\/\/www.pacific-hotel-paris.com\/wp-content\/uploads\/2023\/10\/PACIFIC-HOTEL-15.jpg 1920w\" sizes=\"(max-width: 1020px) 100vw, 1020px\" \/>\t\t\t\t\t\t\n\t\t\t\t\t<\/div>\n\t\t\t\t\t\t\t\t\n<style>\n#image_174103204 {\n  width: 100%;\n}\n<\/style>\n\t<\/div>\n\t\n\n\n\t\t<\/div>\n\t\t\t\t\n<style>\n#col-1225062439 > .col-inner {\n  max-width: 650px;\n}\n<\/style>\n\t<\/div>\n\n\t\n\n\t<div id=\"col-311859487\" class=\"col medium-12 small-12 large-6 medium-col-first\"  >\n\t\t\t\t<div class=\"col-inner text-center\"  >\n\t\t\t\n\t\t\t\n\n<h2 style=\"text-align: center;\">El Hotel Pacific y sus habitaciones, sencillez y arquitectura creativa.<\/h2>\n<p style=\"text-align: justify;\">La tendencia es deliberadamente familiar, con una relaci\u00f3n calidad-precio y un servicio excepcionales en un entorno acogedor y con un confort tranquilo. Nuestras habitaciones te relajar\u00e1n y los espacios colectivos te encantar\u00e1n.<\/p>\n<a href=\"https:\/\/www.pacific-hotel-paris.com\/es\/habitaciones-au-pacific-hotel-paris\/\" target=\"_self\" class=\"button primary is-outline\"  >\n    <span>M\u00e1s informaci\u00f3n<\/span>\n  <\/a>\n\n\n\n\t\t<\/div>\n\t\t\t\t\n<style>\n#col-311859487 > .col-inner {\n  padding: 20px 20px 20px 20px;\n  max-width: 650px;\n}\n@media (min-width:850px) {\n  #col-311859487 > .col-inner {\n    padding: 20px 20px 20px 80px;\n  }\n}\n<\/style>\n\t<\/div>\n\n\t\n\n<\/div>\n\n\t\t<\/div>\n\n\t\t\n<style>\n#section_1669365560 {\n  padding-top: 0px;\n  padding-bottom: 0px;\n  margin-bottom: 80px;\n}\n#section_1669365560 .ux-shape-divider--top svg {\n  height: 150px;\n  --divider-top-width: 100%;\n}\n#section_1669365560 .ux-shape-divider--bottom svg {\n  height: 150px;\n  --divider-width: 100%;\n}\n<\/style>\n\t<\/section>\n\t\n\t<section class=\"section\" id=\"section_521418802\">\n\t\t<div class=\"bg section-bg fill bg-fill  bg-loaded\" >\n\n\t\t\t\n\t\t\t\n\t\t\t\n\n\t\t<\/div>\n\n\t\t\n\n\t\t<div class=\"section-content relative\">\n\t\t\t\n\n<div class=\"row row-small row-full-width align-middle align-center\"  id=\"row-1547556\">\n\n\n\t<div id=\"col-1388977798\" class=\"col medium-12 small-12 large-6 medium-col-first\"  >\n\t\t\t\t<div class=\"col-inner text-center\"  >\n\t\t\t\n\t\t\t\n\n<h2 style=\"text-align: center;\">Un barrio muy animado, a 10 minutos a pie de la Torre Eiffel.<\/h2>\n<p style=\"text-align: justify;\"> Disfrutar\u00e1s de los circuitos tur\u00edsticos y luego te relajar\u00e1s en un ambiente familiar y alegre.<\/p>\n<a href=\"https:\/\/www.pacific-hotel-paris.com\/es\/ubicacion-au-pacific-hotel-paris\/\" target=\"_self\" class=\"button primary is-outline\"  >\n    <span>M\u00e1s informaci\u00f3n<\/span>\n  <\/a>\n\n\n\n\t\t<\/div>\n\t\t\t\t\n<style>\n#col-1388977798 > .col-inner {\n  padding: 20px 20px 20px 20px;\n  max-width: 650px;\n}\n@media (min-width:850px) {\n  #col-1388977798 > .col-inner {\n    padding: 20px 80px 20px 20px;\n  }\n}\n<\/style>\n\t<\/div>\n\n\t\n\n\t<div id=\"col-1250431842\" class=\"col medium-9 small-10 large-6\"  >\n\t\t\t\t<div class=\"col-inner\"  >\n\t\t\t\n\t\t\t\n\n\t<div class=\"img has-hover x md-x lg-x y md-y lg-y\" id=\"image_442770842\">\n\t\t\t\t\t\t\t\t<div class=\"img-inner dark\" >\n\t\t\t<img decoding=\"async\" width=\"1020\" height=\"680\" src=\"https:\/\/www.pacific-hotel-paris.com\/wp-content\/uploads\/2023\/10\/tour-eiffel-1024x683.jpg\" class=\"attachment-large size-large\" alt=\"Tour Eiffel\" srcset=\"https:\/\/www.pacific-hotel-paris.com\/wp-content\/uploads\/2023\/10\/tour-eiffel-1024x683.jpg 1024w, https:\/\/www.pacific-hotel-paris.com\/wp-content\/uploads\/2023\/10\/tour-eiffel-300x200.jpg 300w, https:\/\/www.pacific-hotel-paris.com\/wp-content\/uploads\/2023\/10\/tour-eiffel-768x512.jpg 768w, https:\/\/www.pacific-hotel-paris.com\/wp-content\/uploads\/2023\/10\/tour-eiffel-1536x1024.jpg 1536w, https:\/\/www.pacific-hotel-paris.com\/wp-content\/uploads\/2023\/10\/tour-eiffel-2048x1365.jpg 2048w\" sizes=\"(max-width: 1020px) 100vw, 1020px\" \/>\t\t\t\t\t\t\n\t\t\t\t\t<\/div>\n\t\t\t\t\t\t\t\t\n<style>\n#image_442770842 {\n  width: 100%;\n}\n<\/style>\n\t<\/div>\n\t\n\n\n\t\t<\/div>\n\t\t\t\t\n<style>\n#col-1250431842 > .col-inner {\n  max-width: 650px;\n}\n<\/style>\n\t<\/div>\n\n\t\n\n<\/div>\n\n\t\t<\/div>\n\n\t\t\n<style>\n#section_521418802 {\n  padding-top: 0px;\n  padding-bottom: 0px;\n  margin-bottom: 80px;\n}\n#section_521418802 .ux-shape-divider--top svg {\n  height: 150px;\n  --divider-top-width: 100%;\n}\n#section_521418802 .ux-shape-divider--bottom svg {\n  height: 150px;\n  --divider-width: 100%;\n}\n<\/style>\n\t<\/section>\n\t\n\t<section class=\"section\" id=\"section_574936222\">\n\t\t<div class=\"bg section-bg fill bg-fill  bg-loaded\" >\n\n\t\t\t\n\t\t\t\n\t\t\t\n\n\t\t<\/div>\n\n\t\t\n\n\t\t<div class=\"section-content relative\">\n\t\t\t\n\n<div class=\"row row-small row-full-width align-middle align-center\"  id=\"row-1139395617\">\n\n\n\t<div id=\"col-144238030\" class=\"col medium-9 small-10 large-6\"  >\n\t\t\t\t<div class=\"col-inner\"  >\n\t\t\t\n\t\t\t\n\n\t<div class=\"img has-hover x md-x lg-x y md-y lg-y\" id=\"image_1670558372\">\n\t\t\t\t\t\t\t\t<div class=\"img-inner dark\" >\n\t\t\t<img decoding=\"async\" width=\"500\" height=\"350\" src=\"https:\/\/www.pacific-hotel-paris.com\/wp-content\/uploads\/2023\/01\/pacific-hotel-paris.jpg\" class=\"attachment-large size-large\" alt=\"\" srcset=\"https:\/\/www.pacific-hotel-paris.com\/wp-content\/uploads\/2023\/01\/pacific-hotel-paris.jpg 500w, https:\/\/www.pacific-hotel-paris.com\/wp-content\/uploads\/2023\/01\/pacific-hotel-paris-300x210.jpg 300w\" sizes=\"(max-width: 500px) 100vw, 500px\" \/>\t\t\t\t\t\t\n\t\t\t\t\t<\/div>\n\t\t\t\t\t\t\t\t\n<style>\n#image_1670558372 {\n  width: 100%;\n}\n<\/style>\n\t<\/div>\n\t\n\n\n\t\t<\/div>\n\t\t\t\t\n<style>\n#col-144238030 > .col-inner {\n  max-width: 650px;\n}\n<\/style>\n\t<\/div>\n\n\t\n\n\t<div id=\"col-1215668781\" class=\"col medium-12 small-12 large-6 medium-col-first\"  >\n\t\t\t\t<div class=\"col-inner text-center\"  >\n\t\t\t\n\t\t\t\n\n<h2 style=\"text-align: center;\">El hotel tiene una historia..<\/h2>\n<p style=\"text-align: justify;\">A lo largo de d\u00e9cadas y generaciones, un sencillo apartamento, a 10 minutos a pie de la Torre Eiffel, se convirti\u00f3 en residencia familiar y luego se convirti\u00f3 en un gran hotel, orgulloso de su servicio excepcional, su ambiente familiar y la relaci\u00f3n calidad\/precio ofrecida a cada uno. de ti.<\/p>\n<a href=\"https:\/\/www.pacific-hotel-paris.com\/es\/nuestra-historia\/\" target=\"_self\" class=\"button primary is-outline\"  >\n    <span>M\u00e1s informaci\u00f3n<\/span>\n  <\/a>\n\n\n\n\t\t<\/div>\n\t\t\t\t\n<style>\n#col-1215668781 > .col-inner {\n  padding: 20px 20px 20px 20px;\n  max-width: 650px;\n}\n@media (min-width:850px) {\n  #col-1215668781 > .col-inner {\n    padding: 20px 20px 20px 80px;\n  }\n}\n<\/style>\n\t<\/div>\n\n\t\n\n<\/div>\n\n\t\t<\/div>\n\n\t\t\n<style>\n#section_574936222 {\n  padding-top: 0px;\n  padding-bottom: 0px;\n}\n#section_574936222 .ux-shape-divider--top svg {\n  height: 150px;\n  --divider-top-width: 100%;\n}\n#section_574936222 .ux-shape-divider--bottom svg {\n  height: 150px;\n  --divider-width: 100%;\n}\n<\/style>\n\t<\/section>\n\t\n\n","protected":false},"excerpt":{"rendered":"","protected":false},"author":1,"featured_media":0,"parent":0,"menu_order":0,"comment_status":"closed","ping_status":"closed","template":"page-blank.php","meta":{"footnotes":""},"class_list":["post-654","page","type-page","status-publish","hentry"],"yoast_head":"<!-- This site is optimized with the Yoast SEO plugin v21.7 - https:\/\/yoast.com\/wordpress\/plugins\/seo\/ -->\n<title>Pacific Hotel, sitio web oficial, Hotel en Par\u00eds cerca de la Torre Eiffel<\/title>\n<meta name=\"description\" content=\"El Pacific Hotel es un encantador hotel de 2 estrellas, cerca de la Torre Eiffel, Trocadero y el Champ de Mars, cerca del metro Dupleix.\" \/>\n<meta name=\"robots\" content=\"index, follow, max-snippet:-1, max-image-preview:large, max-video-preview:-1\" \/>\n<link rel=\"canonical\" href=\"https:\/\/www.pacific-hotel-paris.com\/es\/\" \/>\n<meta property=\"og:locale\" content=\"es_ES\" \/>\n<meta property=\"og:type\" content=\"article\" \/>\n<meta property=\"og:title\" content=\"Pacific Hotel, sitio web oficial, Hotel en Par\u00eds cerca de la Torre Eiffel\" \/>\n<meta property=\"og:description\" content=\"El Pacific Hotel es un encantador hotel de 2 estrellas, cerca de la Torre Eiffel, Trocadero y el Champ de Mars, cerca del metro Dupleix.\" \/>\n<meta property=\"og:url\" content=\"https:\/\/www.pacific-hotel-paris.com\/es\/\" \/>\n<meta property=\"og:site_name\" content=\"Pacific H\u00f4tel\" \/>\n<meta property=\"article:modified_time\" content=\"2023-12-13T19:23:58+00:00\" \/>\n<meta name=\"twitter:card\" content=\"summary_large_image\" \/>\n<meta name=\"twitter:label1\" content=\"Tiempo de lectura\" \/>\n\t<meta name=\"twitter:data1\" content=\"3 minutos\" \/>\n<script type=\"application\/ld+json\" class=\"yoast-schema-graph\">{\"@context\":\"https:\/\/schema.org\",\"@graph\":[{\"@type\":\"WebPage\",\"@id\":\"https:\/\/www.pacific-hotel-paris.com\/es\/\",\"url\":\"https:\/\/www.pacific-hotel-paris.com\/es\/\",\"name\":\"Pacific Hotel, sitio web oficial, Hotel en Par\u00eds cerca de la Torre Eiffel\",\"isPartOf\":{\"@id\":\"https:\/\/www.pacific-hotel-paris.com\/#website\"},\"datePublished\":\"2023-01-03T07:49:34+00:00\",\"dateModified\":\"2023-12-13T19:23:58+00:00\",\"description\":\"El Pacific Hotel es un encantador hotel de 2 estrellas, cerca de la Torre Eiffel, Trocadero y el Champ de Mars, cerca del metro Dupleix.\",\"breadcrumb\":{\"@id\":\"https:\/\/www.pacific-hotel-paris.com\/es\/#breadcrumb\"},\"inLanguage\":\"es\",\"potentialAction\":[{\"@type\":\"ReadAction\",\"target\":[\"https:\/\/www.pacific-hotel-paris.com\/es\/\"]}]},{\"@type\":\"BreadcrumbList\",\"@id\":\"https:\/\/www.pacific-hotel-paris.com\/es\/#breadcrumb\",\"itemListElement\":[{\"@type\":\"ListItem\",\"position\":1,\"name\":\"Accueil\",\"item\":\"https:\/\/www.pacific-hotel-paris.com\/es\/\"},{\"@type\":\"ListItem\",\"position\":2,\"name\":\"Accueil\"}]},{\"@type\":\"WebSite\",\"@id\":\"https:\/\/www.pacific-hotel-paris.com\/#website\",\"url\":\"https:\/\/www.pacific-hotel-paris.com\/\",\"name\":\"Pacific H\u00f4tel\",\"description\":\"\",\"potentialAction\":[{\"@type\":\"SearchAction\",\"target\":{\"@type\":\"EntryPoint\",\"urlTemplate\":\"https:\/\/www.pacific-hotel-paris.com\/?s={search_term_string}\"},\"query-input\":\"required name=search_term_string\"}],\"inLanguage\":\"es\"}]}<\/script>\n<!-- \/ Yoast SEO plugin. -->","yoast_head_json":{"title":"Pacific Hotel, sitio web oficial, Hotel en Par\u00eds cerca de la Torre Eiffel","description":"El Pacific Hotel es un encantador hotel de 2 estrellas, cerca de la Torre Eiffel, Trocadero y el Champ de Mars, cerca del metro Dupleix.","robots":{"index":"index","follow":"follow","max-snippet":"max-snippet:-1","max-image-preview":"max-image-preview:large","max-video-preview":"max-video-preview:-1"},"canonical":"https:\/\/www.pacific-hotel-paris.com\/es\/","og_locale":"es_ES","og_type":"article","og_title":"Pacific Hotel, sitio web oficial, Hotel en Par\u00eds cerca de la Torre Eiffel","og_description":"El Pacific Hotel es un encantador hotel de 2 estrellas, cerca de la Torre Eiffel, Trocadero y el Champ de Mars, cerca del metro Dupleix.","og_url":"https:\/\/www.pacific-hotel-paris.com\/es\/","og_site_name":"Pacific H\u00f4tel","article_modified_time":"2023-12-13T19:23:58+00:00","twitter_card":"summary_large_image","twitter_misc":{"Tiempo de lectura":"3 minutos"},"schema":{"@context":"https:\/\/schema.org","@graph":[{"@type":"WebPage","@id":"https:\/\/www.pacific-hotel-paris.com\/es\/","url":"https:\/\/www.pacific-hotel-paris.com\/es\/","name":"Pacific Hotel, sitio web oficial, Hotel en Par\u00eds cerca de la Torre Eiffel","isPartOf":{"@id":"https:\/\/www.pacific-hotel-paris.com\/#website"},"datePublished":"2023-01-03T07:49:34+00:00","dateModified":"2023-12-13T19:23:58+00:00","description":"El Pacific Hotel es un encantador hotel de 2 estrellas, cerca de la Torre Eiffel, Trocadero y el Champ de Mars, cerca del metro Dupleix.","breadcrumb":{"@id":"https:\/\/www.pacific-hotel-paris.com\/es\/#breadcrumb"},"inLanguage":"es","potentialAction":[{"@type":"ReadAction","target":["https:\/\/www.pacific-hotel-paris.com\/es\/"]}]},{"@type":"BreadcrumbList","@id":"https:\/\/www.pacific-hotel-paris.com\/es\/#breadcrumb","itemListElement":[{"@type":"ListItem","position":1,"name":"Accueil","item":"https:\/\/www.pacific-hotel-paris.com\/es\/"},{"@type":"ListItem","position":2,"name":"Accueil"}]},{"@type":"WebSite","@id":"https:\/\/www.pacific-hotel-paris.com\/#website","url":"https:\/\/www.pacific-hotel-paris.com\/","name":"Pacific H\u00f4tel","description":"","potentialAction":[{"@type":"SearchAction","target":{"@type":"EntryPoint","urlTemplate":"https:\/\/www.pacific-hotel-paris.com\/?s={search_term_string}"},"query-input":"required name=search_term_string"}],"inLanguage":"es"}]}},"_links":{"self":[{"href":"https:\/\/www.pacific-hotel-paris.com\/es\/wp-json\/wp\/v2\/pages\/654","targetHints":{"allow":["GET"]}}],"collection":[{"href":"https:\/\/www.pacific-hotel-paris.com\/es\/wp-json\/wp\/v2\/pages"}],"about":[{"href":"https:\/\/www.pacific-hotel-paris.com\/es\/wp-json\/wp\/v2\/types\/page"}],"author":[{"embeddable":true,"href":"https:\/\/www.pacific-hotel-paris.com\/es\/wp-json\/wp\/v2\/users\/1"}],"replies":[{"embeddable":true,"href":"https:\/\/www.pacific-hotel-paris.com\/es\/wp-json\/wp\/v2\/comments?post=654"}],"version-history":[{"count":7,"href":"https:\/\/www.pacific-hotel-paris.com\/es\/wp-json\/wp\/v2\/pages\/654\/revisions"}],"predecessor-version":[{"id":802,"href":"https:\/\/www.pacific-hotel-paris.com\/es\/wp-json\/wp\/v2\/pages\/654\/revisions\/802"}],"wp:attachment":[{"href":"https:\/\/www.pacific-hotel-paris.com\/es\/wp-json\/wp\/v2\/media?parent=654"}],"curies":[{"name":"wp","href":"https:\/\/api.w.org\/{rel}","templated":true}]}}